{"id":100,"date":"2014-10-18T19:31:11","date_gmt":"2014-10-18T17:31:11","guid":{"rendered":"http:\/\/gruen.watch\/?page_id=100"},"modified":"2015-01-08T19:46:22","modified_gmt":"2015-01-08T17:46:22","slug":"familiengruendung","status":"publish","type":"page","link":"https:\/\/gruen.watch\/?page_id=100","title":{"rendered":"1869 &#8211; Delaware"},"content":{"rendered":"<figure id=\"attachment_98\" aria-describedby=\"caption-attachment-98\" style=\"width: 410px\" class=\"wp-caption alignright\"><a href=\"http:\/\/gruen.watch\/wp-content\/uploads\/2014\/10\/Innenstadt-von-Delaware-klein.jpg\"><img loading=\"lazy\" class=\"wp-image-98 size-full\" src=\"http:\/\/gruen.watch\/wp-content\/uploads\/2014\/10\/Innenstadt-von-Delaware-klein.jpg\" alt=\"Innenstadt von Delaware, Ohio; Quelle: http:\/\/www.greetingsfromdelawareohio.com\/downtown-delaware-ohio, 9.6.2014\" width=\"410\" height=\"260\" srcset=\"https:\/\/gruen.watch\/wp-content\/uploads\/2014\/10\/Innenstadt-von-Delaware-klein.jpg 410w, https:\/\/gruen.watch\/wp-content\/uploads\/2014\/10\/Innenstadt-von-Delaware-klein-350x222.jpg 350w, https:\/\/gruen.watch\/wp-content\/uploads\/2014\/10\/Innenstadt-von-Delaware-klein-150x95.jpg 150w, https:\/\/gruen.watch\/wp-content\/uploads\/2014\/10\/Innenstadt-von-Delaware-klein-300x190.jpg 300w\" sizes=\"(max-width: 410px) 100vw, 410px\" \/><\/a><figcaption id=\"caption-attachment-98\" class=\"wp-caption-text\">Innenstadt von Delaware, Ohio; Quelle: http:\/\/www.greetingsfromdelawareohio.com\/downtown-delaware-ohio, 9.6.2014<\/figcaption><\/figure>\n<p>W\u00e4hrend seines Besuches in den Vereinigten Staaten \u00fcberredeten die Br\u00fcder den j\u00fcngsten Bruder Dietrich, l\u00e4nger zu bleiben. Er arbeitete zun\u00e4chst als Uhrmacher in St.Louis, Missouri und sp\u00e4ter in Cincinnati, Ohio und Columbus, Ohio. Den Ausschlag, vollst\u00e4ndig in den USA zu bleiben, gab aber wahrscheinlich die Bekanntschaft mit Pauline Wittlinger, einer Lehrerin und Tochter eines Uhrmachers aus Delaware, Ohio. Am 6. Mai 1869 heiratete er Pauline Wittlinger und arbeitete in der Folgezeit im Gesch\u00e4ft seines Schwiegervaters in Delaware, Ohio.<a href=\"http:\/\/www.schill.name\/3.html#_ftn1\" name=\"_ftnref1\">[1]<\/a><\/p>\n<p>Drei Jahre sp\u00e4ter, am 15. April 1872 wurde mit Frederick Gustavus Gruen der erste Sohn geboren, der bei der sp\u00e4teren Gruen Watch Company eine wichtige Rolle spielen sollte. Am 16. August 1874 wurde die \u00e4lteste Tochter, Flora Sophie Gruen geboren. Ihr folgten noch drei weitere S\u00f6hne: Georg Johann Gruen (geb. 11.8.1877, gest. 3.6.1952), F. William Gruen und Charles Gruen. F\u00fcr die sp\u00e4tere Geschichte der Gruenschen Uhrenherstellung ist von diesen aber nur Georg Gruen von Bedeutung, da er sp\u00e4ter mit seinem \u00e4ltesten Bruder Frederick die Gruen Watch Company leiten sollte.<\/p>\n<p>&nbsp;<\/p>\n<hr \/>\n<p><a href=\"http:\/\/www.schill.name\/3.html#_ftnref1\" name=\"_ftn1\">[1]<\/a> Schliesser, Paul, Gruen \u2013The Art &amp; Mystery of Watchmaking, 1998-2001, http:\/\/www.pixelp.com<\/p>\n","protected":false},"excerpt":{"rendered":"<p>W\u00e4hrend seines Besuches in den Vereinigten Staaten \u00fcberredeten die Br\u00fcder den j\u00fcngsten Bruder Dietrich, l\u00e4nger zu bleiben. Er arbeitete zun\u00e4chst als Uhrmacher in St.Louis, Missouri und sp\u00e4ter in Cincinnati, Ohio und Columbus, Ohio. Den Ausschlag, vollst\u00e4ndig in den USA zu bleiben, gab aber wahrscheinlich die Bekanntschaft mit Pauline Wittlinger, einer Lehrerin und Tochter eines Uhrmachers &hellip; <\/p>\n<p class=\"link-more\"><a href=\"https:\/\/gruen.watch\/?page_id=100\" class=\"more-link\"><span class=\"screen-reader-text\">\u201e1869 &#8211; Delaware\u201c<\/span> weiterlesen<\/a><\/p>\n","protected":false},"author":1,"featured_media":0,"parent":49,"menu_order":4,"comment_status":"closed","ping_status":"open","template":"","meta":[],"_links":{"self":[{"href":"https:\/\/gruen.watch\/index.php?rest_route=\/wp\/v2\/pages\/100"}],"collection":[{"href":"https:\/\/gruen.watch\/index.php?rest_route=\/wp\/v2\/pages"}],"about":[{"href":"https:\/\/gruen.watch\/index.php?rest_route=\/wp\/v2\/types\/page"}],"author":[{"embeddable":true,"href":"https:\/\/gruen.watch\/index.php?rest_route=\/wp\/v2\/users\/1"}],"replies":[{"embeddable":true,"href":"https:\/\/gruen.watch\/index.php?rest_route=%2Fwp%2Fv2%2Fcomments&post=100"}],"version-history":[{"count":5,"href":"https:\/\/gruen.watch\/index.php?rest_route=\/wp\/v2\/pages\/100\/revisions"}],"predecessor-version":[{"id":271,"href":"https:\/\/gruen.watch\/index.php?rest_route=\/wp\/v2\/pages\/100\/revisions\/271"}],"up":[{"embeddable":true,"href":"https:\/\/gruen.watch\/index.php?rest_route=\/wp\/v2\/pages\/49"}],"wp:attachment":[{"href":"https:\/\/gruen.watch\/index.php?rest_route=%2Fwp%2Fv2%2Fmedia&parent=100"}],"curies":[{"name":"wp","href":"https:\/\/api.w.org\/{rel}","templated":true}]}}