{"id":111,"date":"2014-10-18T21:50:52","date_gmt":"2014-10-18T19:50:52","guid":{"rendered":"http:\/\/gruen.watch\/?page_id=111"},"modified":"2020-05-03T13:01:20","modified_gmt":"2020-05-03T11:01:20","slug":"columbus-watch-co","status":"publish","type":"page","link":"https:\/\/gruen.watch\/?page_id=111","title":{"rendered":"1876 &#8211; Columbus Watch Co."},"content":{"rendered":"<p>Nachdem Dietrich Gruen im Jahr 1874 seine Erfindung patentieren lie\u00df, dauerte es nicht mehr lange, bis er begann diese in seiner ersten Firma zu vermarkten. Dazu gr\u00fcndete er 1876 die Columbus Watch Manufacturing Co. in Columbus\/Ohio. Columbus war bereits damals die gr\u00f6\u00dfte Stadt und die Hauptstadt des Bundesstaates Ohio.<\/p>\n<figure id=\"attachment_160\" aria-describedby=\"caption-attachment-160\" style=\"width: 424px\" class=\"wp-caption alignright\"><a href=\"http:\/\/gruen.watch\/wp-content\/uploads\/2014\/10\/Historische-Ansicht-ColumbusOhio-BroadHigh-Street-klein.jpg\"><img loading=\"lazy\" class=\"wp-image-160 \" src=\"http:\/\/gruen.watch\/wp-content\/uploads\/2014\/10\/Historische-Ansicht-ColumbusOhio-BroadHigh-Street-klein-300x192.jpg\" alt=\"Historsche Postkarte von Columbus Ohio um das Jahr 1900, Erster Sitz der Columbus Watch Co. Ecke Broad &amp; High Street, im Geb\u00e4ude rechts unten auf dem Bild, Foto: Peter Schill\" width=\"424\" height=\"272\" srcset=\"https:\/\/gruen.watch\/wp-content\/uploads\/2014\/10\/Historische-Ansicht-ColumbusOhio-BroadHigh-Street-klein-300x192.jpg 300w, https:\/\/gruen.watch\/wp-content\/uploads\/2014\/10\/Historische-Ansicht-ColumbusOhio-BroadHigh-Street-klein-350x225.jpg 350w, https:\/\/gruen.watch\/wp-content\/uploads\/2014\/10\/Historische-Ansicht-ColumbusOhio-BroadHigh-Street-klein-150x96.jpg 150w, https:\/\/gruen.watch\/wp-content\/uploads\/2014\/10\/Historische-Ansicht-ColumbusOhio-BroadHigh-Street-klein-1024x657.jpg 1024w, https:\/\/gruen.watch\/wp-content\/uploads\/2014\/10\/Historische-Ansicht-ColumbusOhio-BroadHigh-Street-klein.jpg 1085w\" sizes=\"(max-width: 424px) 100vw, 424px\" \/><\/a><figcaption id=\"caption-attachment-160\" class=\"wp-caption-text\">Historsche Postkarte von Columbus Ohio um das Jahr 1900, Erster Sitz der Columbus Watch Co. Ecke Broad &amp; High Street, im Geb\u00e4ude rechts unten auf dem Bild, Foto: Peter Schill<\/figcaption><\/figure>\n<p>Die Stadt war schon immer ein Zentrum f\u00fcr deutsche Auswanderer gewesen, weshalb bis heute rund 20 Prozent der Einwohner von Columbus direkte deutsche Wurzeln haben. Im 19. Jahrhundert gr\u00fcndeten die deutschen Immigranten s\u00fcdlich der Innenstadt das &#8222;German Village&#8220;, das heute mit seinen 1.600 \u00fcberwiegend liebevoll restaurierten H\u00e4usern zu einer der bedeutendsten Touristenattraktionen der Stadt z\u00e4hlt.<a href=\"https:\/\/homepagebaukasten.1und1.de\/xml\/wfxdirect\/preview;jsessionid=E4A81097AED2C336808DC88D521B78A2.TCpfix100b#_ftn1\" name=\"_ftnref1\">[1]<\/a><\/p>\n<p>Aus den historischen Aufzeichnungen ist nicht klar ersichtlich, ob Dietrich Gruen die Firma zun\u00e4chst alleine gr\u00fcndete und erst 1879 einen Partner in sein Gesch\u00e4ft aufnahm, oder ob er die Firma bereits zusammen mit einem Partner gr\u00fcndete. Es ist jedoch erwiesen, dass sein PartnerWilliam J. Savage hie\u00df, der der \u00e4ltere Sohn von William M. Savage, einem bekannten \u00f6rtlichen Gesch\u00e4ftsmann war, der Handel mit &#8222;Uhren, Schmuck, Gewehren, Revolver und Angelger\u00e4t&#8220; betrieb. Der Sohn war gelernter Silberschmied und ebenfalls im Schmuckgro\u00dfhandel t\u00e4tig. Um das notwendige Kapital f\u00fcr die Beteiligung an der Columbus Watch Manufacturing Co. zu beschaffen, verkaufte er seine Anteile an der Firma seines Vaters..<a href=\"https:\/\/homepagebaukasten.1und1.de\/xml\/wfxdirect\/preview;jsessionid=E4A81097AED2C336808DC88D521B78A2.TCpfix100b#_ftn1\" name=\"_ftnref1\">[2]<\/a><\/p>\n<p>In der neuen Firma \u00fcbernahm William J. Savage die Funktion des &#8222;Secretary and Treasurer&#8220;, also eines Direktors f\u00fcr Verwaltung und Finanzen, w\u00e4hrend Dietrich Gruen als &#8222;President&#8220;, also Gesch\u00e4ftsf\u00fchrer, fungierte. Aus der Aufgabenteilung der beiden ist zu vermuten, dass Gruen die treibende Kraft hinter der Firma war, w\u00e4hrend Savage die notwendige Finanzierung sicherstellte und sich haupts\u00e4chlich um die Finanzen k\u00fcmmerte.<a href=\"https:\/\/homepagebaukasten.1und1.de\/xml\/wfxdirect\/preview;jsessionid=E4A81097AED2C336808DC88D521B78A2.TCpfix100b#_ftnref1\" name=\"_ftn1\">[3]<\/a><\/p>\n<figure id=\"attachment_162\" aria-describedby=\"caption-attachment-162\" style=\"width: 401px\" class=\"wp-caption alignleft\"><a href=\"http:\/\/gruen.watch\/wp-content\/uploads\/2014\/10\/Columbus-Watch-Company-klein.jpg\"><img loading=\"lazy\" class=\" wp-image-162\" src=\"http:\/\/gruen.watch\/wp-content\/uploads\/2014\/10\/Columbus-Watch-Company-klein-1024x576.jpg\" alt=\"Columbus Watch Company, Thurman Street, Columbus\/Ohio Quelle: The watch factories of America, past and present, Hazlitt, George Henry Abbott, 1858-1905, S.117, http:\/\/babel.hathitrust.org, 8.6.2014\" width=\"401\" height=\"226\" \/><\/a><figcaption id=\"caption-attachment-162\" class=\"wp-caption-text\">Columbus Watch Company, Thurman Street, Columbus\/Ohio,\u00a0Quelle: The watch factories of America, past and present, Hazlitt, George Henry Abbott, 1858-1905, S.117, http:\/\/babel.hathitrust.org, 8.6.2014<\/figcaption><\/figure>\n<p>Die Firma war zun\u00e4chst im Stadtzentrum in direkter Nachbarschaft des Ohio State House (Landtagsgeb\u00e4ude) im Untergescho\u00df der Exchange Bank an der Ecke von High und Broad Street in Columbus angesiedelt. Dort wurden anf\u00e4nglich importierte Schweizer Roh-Uhrwerke entsprechend den Vorgaben von Dietrich Gruen umgebaut und in Geh\u00e4use gesetzt. 1882 begann man dann mit einer eigenen Uhrwerksproduktion, die Produktion wurde in neu gebaute gr\u00f6\u00dfere R\u00e4umlichkeiten verlegt in die Thurman Street, Ecke City Park Avenue im &#8222;German Village&#8220; und der Name wurde abgek\u00fcrzt in &#8222;Columbus Watch Company&#8220;.<\/p>\n<p>Die neuen Werkst\u00e4tten bestanden aus mehreren schmalen Geb\u00e4uden, die in H-Form aneinander gereiht waren und gro\u00dfe Fenster hatten, um gen\u00fcgend Licht f\u00fcr die diffizile Arbeit zu haben. In ihrer Bl\u00fctezeit im Jahr 1888 arbeiteten hier 300 Mitarbeiter, die rund 45 Uhren am Tag herstellten.<\/p>\n<p>W\u00e4hrend das erste Geb\u00e4ude in der High Street vor mehreren Jahren einem Hochhaus weichen musste, sind zwei Geb\u00e4udefl\u00fcgel der R\u00e4umlichkeiten im &#8222;German Village&#8220; bis heute erhalten geblieben.<\/p>\n<figure id=\"attachment_163\" aria-describedby=\"caption-attachment-163\" style=\"width: 405px\" class=\"wp-caption alignright\"><a href=\"http:\/\/gruen.watch\/wp-content\/uploads\/2014\/10\/Columbus-Watch-Co-Workers.jpg\"><img loading=\"lazy\" class=\"wp-image-163 \" src=\"http:\/\/gruen.watch\/wp-content\/uploads\/2014\/10\/Columbus-Watch-Co-Workers-300x230.jpg\" alt=\"Werkb\u00e4nke und Arbeiter der Columbus Watch Co. im &quot;German Village&quot; Quelle: Columbus Metropolitan Library, http:\/\/www.columbuslibrary.org\/\" width=\"405\" height=\"310\" \/><\/a><figcaption id=\"caption-attachment-163\" class=\"wp-caption-text\">Werkb\u00e4nke und Arbeiter der Columbus Watch Co. im &#8222;German Village&#8220; Quelle: Columbus Metropolitan\u00a0Library, http:\/\/www.columbuslibrary.org\/<\/figcaption><\/figure>\n<p>Die Columbus Watch Co. prosperierte in den 1880er Jahren und wurde schon bald zu einer erntzunehmenden Konkurrenz f\u00fcr die bereits etablierten Uhrenfirmen wie Waltham und Elgin. Neben den hochwertigen Taschenuhren mit Krone wurden noch immer g\u00fcnstigere Uhren gebaut, die mit einem Uhrschl\u00fcssel aufgezogen werden mussten. Auch produzierte man zunehmend die kleineren und leichteren 16S-Uhren mit 43,18 mm Durchmesser im Vergleich zu den etwas gr\u00f6\u00dferen und schwereren 18S-Uhren mit 44,87 mm Durchmesser.<a href=\"https:\/\/homepagebaukasten.1und1.de\/xml\/wfxdirect\/preview;jsessionid=E4A81097AED2C336808DC88D521B78A2.TCpfix100b#_ftnref1\" name=\"_ftn1\">[4]<\/a> Allen gemein war aber die Verwendung des von Dietrich Gruen erfundenen Sicherheitstriebs.<\/p>\n<p>W\u00e4hrend der Amtszeit des republikanischen Pr\u00e4sidenten Benjamin Harrison in den Jahren 1889-1893, kam es zu einigen schwerwiegenden Fehlentwicklungen in der amerikanischen Wirtschaftspolitik, die letztlich am 5. Mai 1893 zum sogenannten &#8222;Industrial Black Friday&#8220; und einem Absturz der Kurse an der New Yorker B\u00f6rse f\u00fchrten.<\/p>\n<p>Auch die amerikanische Uhrenindustrie hatte schwer unter der Krise zu leiden, da sich viele Amerikaner durch den Verlust ihrer Ersparnisse und teilweise auch ihrer Arbeit keine teuren Taschenuhren mehr leisten konnten. Die Firmen Waltham und Elgin leiferten sich einen erbitterten Preiskampf, der auch die Columbus Watch Co. in Mitleidenschaft zog. In der Folge musste Dietrich Gruen seine Firmenanteile an Investoren verkaufen und war fortan nur noch ein angestellter Gesch\u00e4ftsf\u00fchrer. Nachdem auch noch unterschiedliche Ansichten \u00fcber die Fortf\u00fchrung der Gesellschaft zutage traten, schieden im Jahr 1894 Dietrich Gruen und sein Sohn Frederick aus der Columbus Watch Co. aus, kurz bevor diese Insolvenz anmelden musste.<\/p>\n<p>Die Columbus Watch Co. wurde daraufhin umstrukturiert und unter dem Namen &#8222;New Columbus Watch Co.&#8220; weitergef\u00fchrt. Uhren der neuen Gesellschaft erhielten im Gegensatz zu fr\u00fcheren Jahren fortan Namen wie &#8222;Time King&#8220;, &#8222;Columbus King&#8220; oder &#8222;Railway King&#8220;. Die neue Firma \u00fcberlebte allerdings auch nur wenige Jahre und stellte 1903 die Produktion ein.<\/p>\n<figure id=\"attachment_164\" aria-describedby=\"caption-attachment-164\" style=\"width: 462px\" class=\"wp-caption alignleft\"><a href=\"http:\/\/gruen.watch\/wp-content\/uploads\/2014\/10\/1920-Studebaker-Big-Six-Touring-Car.jpg\"><img loading=\"lazy\" class=\"size-full wp-image-164\" src=\"http:\/\/gruen.watch\/wp-content\/uploads\/2014\/10\/1920-Studebaker-Big-Six-Touring-Car.jpg\" alt=\"Studebaker &quot;Big Six Touring Car&quot; Automobile, Anzheige von 1920 aus National Geographic, Quelle: http:\/\/de.wikipedia.org\/wiki\/Studebaker_Corporation\" width=\"462\" height=\"222\" srcset=\"https:\/\/gruen.watch\/wp-content\/uploads\/2014\/10\/1920-Studebaker-Big-Six-Touring-Car.jpg 462w, https:\/\/gruen.watch\/wp-content\/uploads\/2014\/10\/1920-Studebaker-Big-Six-Touring-Car-350x168.jpg 350w, https:\/\/gruen.watch\/wp-content\/uploads\/2014\/10\/1920-Studebaker-Big-Six-Touring-Car-150x72.jpg 150w, https:\/\/gruen.watch\/wp-content\/uploads\/2014\/10\/1920-Studebaker-Big-Six-Touring-Car-300x144.jpg 300w\" sizes=\"(max-width: 462px) 100vw, 462px\" \/><\/a><figcaption id=\"caption-attachment-164\" class=\"wp-caption-text\">Studebaker &#8222;Big Six Touring Car&#8220; Automobile, Anzeige von 1920 aus National Geographic, Quelle: http:\/\/de.wikipedia.org\/wiki\/Studebaker_Corporation<\/figcaption><\/figure>\n<p>Die komplette Fabrik, inklusiver aller Maschinen und Werkzeuge wurde von Mitgliedern der Familie Studebaker gekauft und nach South Bend\/Indiana gebracht, wo die Studebakers bereits eine florierende Produktion von Kutschen und Automobilen betrieb. Auch der amerikanische Pr\u00e4sident besa\u00df zu dieser Zeit einen &#8222;Studebaker&#8220;. Die Automobilherstellung war in den Folgejahren so erfolgreich, dass &#8222;Studebakers&#8220;, bis zur Einstellung der Automobilproduktion im Jahr 1966 zu einer Ikone der amerikanischer Autoproduktion wurde.<\/p>\n<p>Auch 145 Mitarbeiter der Columbus Watch Co. folgten den Studebakers nach South Bend, wo 1905 die neue Uhrenfirma unter dem Namen &#8222;South Bend Watch Co.&#8220; ihre Produktion aufnahm. Die meisten Uhren wurden unter dem Namen der Stadt bzw. der Firma, &#8222;South Bend&#8220;, verkauft. Allerdings vermarketeten die Studebakers auch einige Uhren unter ihrem eigenen, durch die Automobilproduktion immer bekannter werdenden Namen.<\/p>\n<p>Mitte der 1920er Jahre begann man mit dem Direktvertrieb der Uhren durch Postversand. Man wollte sich dadurch den teuren Zwischenhandel der Juweliere und Uhrmacher sparen. Um den Handel aber nicht zu ver\u00e4rgern wurden die Uhren, die baugleich mit den South Bend Uhren waren, unter dem Namen Studebaker verfkauft. Als Absender firmierte die Studebaker Watch Co. Eine Anzahlung von einem Dollar gen\u00fcgte, um eine Studebaker-Uhr zu bestellen. Der Rest wurde in Raten abbezahlt. Als aber am 29. Oktober 1929 der Aktienmarkt erneut zusammenbrach und die n\u00e4chste Weltwirtschaftkrise einl\u00e4utete, erwies sich das Gesch\u00e4ftsmodell als Fallstrick f\u00fcr die South Bend Watch Co. und die Studebakers. Viele Kunden konnten ihre Raten nicht mehr zahlen und die Nachfrage nach neuen Uhren brach ein.<a href=\"http:\/\/www.schill.name\/preview;jsessionid=E4A81097AED2C336808DC88D521B78A2.TCpfix100b#_ftnref1\" name=\"_ftn1\">[5]<\/a> Als die Produktion am 27. Novemeber 1929 eingestellt wurde, hatte die Firma noch 35.000 Uhrten in der Produktion. Auch war es der Firma und ihren zuletzt rund 300 Mitarbeitern zum Verh\u00e4ngnis geworden, dass man nicht auf das bereits seit Beginn der 1920er Jahre wachsende Segment der Armbanduhren setzte, sondern an der Produktion von Taschenuhren festhielt. Damit wurde dieses Kapitel der amerikanischen Uhrengeschichte f\u00fcr immer geschlossen. Insgesamt wurden in South Bend in knapp 25 Jahren rund 900.000 Uhren hergestellt.<a href=\"http:\/\/www.schill.name\/preview;jsessionid=E4A81097AED2C336808DC88D521B78A2.TCpfix100b#_ftnref1\" name=\"_ftn1\">[6]<\/a><\/p>\n<hr \/>\n<p>&nbsp;<\/p>\n<p><a href=\"https:\/\/homepagebaukasten.1und1.de\/xml\/wfxdirect\/preview;jsessionid=E4A81097AED2C336808DC88D521B78A2.TCpfix100b#_ftnref1\" name=\"_ftn1\">[1]<\/a> N.N.: Columbus &#8211; Moderne Universit\u00e4tsstadt mit deutschen Wurzen,http:\/\/www.usa.de\/portal\/usade\/app\/content\/resourceld\/columbud-in-ohio.html<br \/>\n<a href=\"https:\/\/homepagebaukasten.1und1.de\/xml\/wfxdirect\/preview;jsessionid=E4A81097AED2C336808DC88D521B78A2.TCpfix100b#_ftn1\" name=\"_ftnref1\">[2]<\/a> N.N.: http:\/\/stores.ebay.com\/Hess-Fine-Arts\/Watch-Brand-Histories-A-to-Do.html; 11.9.2014<br \/>\n<a href=\"https:\/\/homepagebaukasten.1und1.de\/xml\/wfxdirect\/preview;jsessionid=E4A81097AED2C336808DC88D521B78A2.TCpfix100b#_ftnref1\" name=\"_ftn1\">[3]<\/a> Schliesser, Paul, Gruen \u2013The Art &amp; Mystery of Watchmaking, 1998-2001, http:\/\/www.pixelp.com<br \/>\n<a href=\"https:\/\/homepagebaukasten.1und1.de\/xml\/wfxdirect\/preview;jsessionid=E4A81097AED2C336808DC88D521B78A2.TCpfix100b#_ftnref1\" name=\"_ftn1\">[4]<\/a> Taschenuhren in Amerika wurden fr\u00fcher\u00a0 in Size (S) gemessen, wobei 1 Size = 1\/30 engl. Zoll = 0,8466 mm entspricht . Der Nullpunkt der Skala (0S) wurde bei 29,63mm festgelegt.<br \/>\n<a href=\"http:\/\/www.schill.name\/preview;jsessionid=E4A81097AED2C336808DC88D521B78A2.TCpfix100b#_ftnref1\" name=\"_ftn1\">[5]<\/a> http:\/\/www.railswest.com\/time\/southbend.html, 11.9.2014<br \/>\n<a href=\"http:\/\/www.schill.name\/preview;jsessionid=E4A81097AED2C336808DC88D521B78A2.TCpfix100b#_ftnref1\" name=\"_ftn1\">[6]<\/a> http:\/\/www.studebakerhistory.com\/dnn\/SouthBendWatchCompany\/tabid\/81\/Default.aspx, 11.9.2014<\/p>\n","protected":false},"excerpt":{"rendered":"<p>Nachdem Dietrich Gruen im Jahr 1874 seine Erfindung patentieren lie\u00df, dauerte es nicht mehr lange, bis er begann diese in seiner ersten Firma zu vermarkten. Dazu gr\u00fcndete er 1876 die Columbus Watch Manufacturing Co. in Columbus\/Ohio. Columbus war bereits damals die gr\u00f6\u00dfte Stadt und die Hauptstadt des Bundesstaates Ohio. Die Stadt war schon immer ein &hellip; <\/p>\n<p class=\"link-more\"><a href=\"https:\/\/gruen.watch\/?page_id=111\" class=\"more-link\"><span class=\"screen-reader-text\">\u201e1876 &#8211; Columbus Watch Co.\u201c<\/span> weiterlesen<\/a><\/p>\n","protected":false},"author":1,"featured_media":0,"parent":135,"menu_order":2,"comment_status":"closed","ping_status":"open","template":"","meta":[],"_links":{"self":[{"href":"https:\/\/gruen.watch\/index.php?rest_route=\/wp\/v2\/pages\/111"}],"collection":[{"href":"https:\/\/gruen.watch\/index.php?rest_route=\/wp\/v2\/pages"}],"about":[{"href":"https:\/\/gruen.watch\/index.php?rest_route=\/wp\/v2\/types\/page"}],"author":[{"embeddable":true,"href":"https:\/\/gruen.watch\/index.php?rest_route=\/wp\/v2\/users\/1"}],"replies":[{"embeddable":true,"href":"https:\/\/gruen.watch\/index.php?rest_route=%2Fwp%2Fv2%2Fcomments&post=111"}],"version-history":[{"count":6,"href":"https:\/\/gruen.watch\/index.php?rest_route=\/wp\/v2\/pages\/111\/revisions"}],"predecessor-version":[{"id":17624,"href":"https:\/\/gruen.watch\/index.php?rest_route=\/wp\/v2\/pages\/111\/revisions\/17624"}],"up":[{"embeddable":true,"href":"https:\/\/gruen.watch\/index.php?rest_route=\/wp\/v2\/pages\/135"}],"wp:attachment":[{"href":"https:\/\/gruen.watch\/index.php?rest_route=%2Fwp%2Fv2%2Fmedia&parent=111"}],"curies":[{"name":"wp","href":"https:\/\/api.w.org\/{rel}","templated":true}]}}