{"id":114,"date":"2014-10-18T21:54:37","date_gmt":"2014-10-18T19:54:37","guid":{"rendered":"http:\/\/gruen.watch\/?page_id=114"},"modified":"2015-08-25T04:29:29","modified_gmt":"2015-08-25T02:29:29","slug":"frederick-gruen-die-fruehen-jahre","status":"publish","type":"page","link":"https:\/\/gruen.watch\/?page_id=114","title":{"rendered":"1872 &#8211; Frederick Gruen"},"content":{"rendered":"<div id=\"pl-114\"  class=\"panel-layout\" ><div id=\"pg-114-0\"  class=\"panel-grid panel-no-style\" ><div id=\"pgc-114-0-0\"  class=\"panel-grid-cell\" ><div id=\"panel-114-0-0-0\" class=\"so-panel widget widget_black-studio-tinymce widget_black_studio_tinymce panel-first-child panel-last-child\" data-index=\"0\" ><div class=\"textwidget\"><p><figure id=\"attachment_185\" aria-describedby=\"caption-attachment-185\" style=\"width: 123px\" class=\"wp-caption alignright\"><a href=\"http:\/\/gruen.watch\/wp-content\/uploads\/2014\/10\/Frederick-Gruen-www.glashuetteuhren.de_.jpg\"><img class=\"wp-image-185 size-full\" src=\"http:\/\/gruen.watch\/wp-content\/uploads\/2014\/10\/Frederick-Gruen-www.glashuetteuhren.de_.jpg\" alt=\"Frederick Gruen (1872-1945), Quelle: www.glashuetteuhren.de\" width=\"123\" height=\"179\" \/><\/a><figcaption id=\"caption-attachment-185\" class=\"wp-caption-text\">Frederick Gruen (1872-1945) [a]<\/figcaption><\/figure><\/p>\n<p>Am 15. April 1872 wurde Frederick Gustavus Gruen geboren. Der \u00e4lteste Sohn von Dietrich und Pauline\u00a0Gruen, der im deutschsprachigen Mutterhaus Fritz gerufen wurde, wurde schon fr\u00fch auf seine Rolle als Stammhalter und sp\u00e4terer Gesch\u00e4ftsf\u00fchrer des Familienunternehmens vorbereitet. Bereits\u00a0w\u00e4hrend seiner Schulferien arbeitete er im v\u00e4terlichen Unternehmen, namentlich im Maschinenhaus und \u00a0der Schlosserei, also den Abteilungen, die keine Kenntnisse als Uhrmacher ben\u00f6tigten. Sp\u00e4ter durfte er auch\u00a0beim Vergolden und Pr\u00e4gen aushelfen.[1]<\/p>\n<p><figure id=\"attachment_186\" aria-describedby=\"caption-attachment-186\" style=\"width: 300px\" class=\"wp-caption alignleft\"><img class=\"wp-image-186 size-medium\" src=\"http:\/\/gruen.watch\/wp-content\/uploads\/2014\/10\/Deutsche-Uhrmacherschule-Glash\u00fctte-ca.-1900-www.glashuetteuhren.de_-300x213.jpg\" alt=\"Deutsche Uhrmacherschule Glash\u00fctte (ca. 1900), Quelle: www.glasheutteuhren.de\" width=\"300\" height=\"213\" \/><figcaption id=\"caption-attachment-186\" class=\"wp-caption-text\">Deutsche Uhrmacherschule Glash\u00fctte (ca. 1900) [b]<\/figcaption><\/figure><\/p>\n<p>Nach der Schulzeit schloss sich zun\u00e4chst ein Maschinenbaustudium an der Universit\u00e4t von Cincinnati an. Anschlie\u00dfend, vom\u00a01. Mai 1892 bis 31. Januar 1893[2] besuchte\u00a0Frederick Gruen\u00a0die\u00a0renommierte \"Deutsche Uhrmacherschule Glash\u00fctte\". Da im Elternhaus von Frederick Gruen deutsch gesprochen wurde, bereitete ihm der Unterricht in deutscher Sprache keine Probleme.<\/p>\n<p>Zur\u00fcckgekehrt nach Amerika heuerte er bei der Columbus Watch Co.seines Vaters an, wo er die Arbeitsabl\u00e4ufe straffte und den Produktionsprozess umstrukturierte. \u00a0Zuvorderst nahm er sich der Abteilung an, die die Steine in die Uhren setzte, da dies der Engpass bei der Produktion war.<\/p>\n<p>Als aber die ausbrechende Wirtschaftskrise, die unterfinanzierte junge Firma besonders in Bedr\u00e4ngnis brachte und Streitigkeiten mit den anderen Partnern auftraten, verlie\u00dfen Dietrich und Frederick Gruen die Columbus Watch Company. Frederick fand Arbeit als Uhrmacher in einer gr\u00f6\u00dferen Firma in Cincinnati, Ohio, wo er im Untergeschoss an einer Werkbank neben einer lauten Maschine arbeiten musste.<\/p>\n<p><figure id=\"attachment_184\" aria-describedby=\"caption-attachment-184\" style=\"width: 300px\" class=\"wp-caption alignright\"><a href=\"http:\/\/gruen.watch\/wp-content\/uploads\/2014\/10\/1894-Gr\u00fcndungsfeier-der-Gruenschen-Uhrenfabrikation-Gruen-und-Assmann-Frederick-und-Dietrich-Gruen-Paul-A\u00dfman-.jpg\"><img class=\"wp-image-184 size-medium\" src=\"http:\/\/gruen.watch\/wp-content\/uploads\/2014\/10\/1894-Gr\u00fcndungsfeier-der-Gruenschen-Uhrenfabrikation-Gruen-und-Assmann-Frederick-und-Dietrich-Gruen-Paul-A\u00dfman--300x298.jpg\" alt=\"Gr\u00fcndungsfeier der Gruenschen-Uhrenfabrikation Gruen und Assmann 1894, v.l.n.r.: Frederick Gruen, Dietrich Gruen, Paul Assmann, Quelle: http:\/\/www.glashuetteuhren.de\" width=\"300\" height=\"298\" \/><\/a><figcaption id=\"caption-attachment-184\" class=\"wp-caption-text\">Gr\u00fcndungsfeier der Gruenschen-Uhrenfabrikation Gruen und Assmann 1894, v.l.n.r.: Frederick Gruen, Dietrich Gruen, Paul Assmann [c]<\/figcaption><\/figure><\/p>\n<p>Unzufrieden \u00fcber die Arbeitsbedingungen nahm er den Zug nach Columbus\/Ohio, wo er sich am Bahnhof mit seinem Vater traf und sie sich entschieden, eine neue Firma zu gr\u00fcnden. Im selben Jahr 1894 wurde die \"D.Gruen &amp; Son\" ins Handelsregister eingetragen.[3]<\/p>\n<p>Frederick Gruen\u00a0reiste nach Deutschland, um sich mit dem Beirat der Glash\u00fctter Uhrmacherschule und Unternehmer Paul Assmann\u00a0zu treffen. Dieser war Gesch\u00e4ftsf\u00fchrer und Sohn des Firmengr\u00fcnders\u00a0der ber\u00fchmten\u00a0Firma \u00a0\"J. Assmann Deutsche Anker-Uhren-Fabrik Glash\u00fctte i. Sa.\". Gemeinsam gr\u00fcndeten sie 1894 die \"Gruensche Uhrenfabrikation Gruen und Assmann\". W\u00e4hrend sich Dietrich Gruen um die Produktion in Amerika k\u00fcmmerte, blieb Frederick Gruen in Deutschland und half bei der Konstruktion \u00a0eines\u00a0Pr\u00e4zisions-Taschenuhrwerk nach Glash\u00fctter Qualit\u00e4tsma\u00dfst\u00e4ben, bei dem auch das patentierte Sicherheitstriebwerk eingebaut wurde. Vor Ort \u00fcberwachte er die Installation modernster amerikanischer Maschinen. Bis zur Flutkatastrophe 1897\u00a0wurden hier die Komponenten f\u00fcr die neuen Uhrwerke hergestellt. Auch in den Folgejahren bis etwa zur Jahrhundertwende wurde hier noch die Fertigmontage der Uhrwerke aus den vorhandenen\u00a0Bauteilen durchgef\u00fchrt.[4]<\/p>\n<p>Frederick Gruen war aber nur zu Beginn der Produktion\u00a0vor Ort in Glash\u00fctte. Sp\u00e4ter k\u00fcmmerte er sich vor allem um den Aufbau eines Vertriebs- und H\u00e4ndlernetzes in den USA, da die junge Firma am Anfang noch wenig bekannt war und die lokalen Uhrmacher von der Qualit\u00e4t der neuen Uhren \u00fcberzeugt werden mussten.<\/p>\n<p>Nach dem Tod seines Vaters im Jahr 1911 \u00fcbernahm Frederick Gruen das Amt des\u00a0Gesch\u00e4ftsf\u00fchrer (\"President\")\u00a0in s\u00e4mtlichen Firmen der Gruppe und behielt dieses Amt inne, bis ins Jahr 1935, als er 63-j\u00e4hrig das Amt an den von au\u00dferhalb kommenden Benjamin S. Katz abgab und den Aufsichtsratsvorsitz (\"Chairman of the Board\") \u00fcbernahm. 1940 gab er auch dieses Amt ab, blieb aber weiter Aufsichtsratsmitglied bis zu seinem Tod im Jahr 1945.<\/p>\n<p>Frederick Gruen war verheiratet mit Mathilde Louise Fischer Gruen (28.12.1876\/Cincinnati - 26.07.1943\/Cincinnati)[5]. Sie hatten eine Tochter,\u00a0Margareth (1910-1972)[6], die sp\u00e4ter als Grafikerin bekannt wurde\u00a0und einen ber\u00fchmten\u00a0Facharzt f\u00fcr plastische\u00a0Chirurgie,\u00a0Dr. Jacob J. Longacre, heiratete. Mit ihm hatte\u00a0Margareth Gruen Longacre zwei S\u00f6hne:\u00a0Frederick Gruen Longacre (1948-2010), der kinderlos verstarb, und\u00a0James\u00a0Gruen Longacre mit den Kindern\u00a0Christopher, Charles, Nathanael, Joshua und Carrie.[7]<\/p>\n<hr \/>\n<p>[1] Schliesser, Paul, Gruen \u2013The Art &amp; Mystery of Watchmaking, 1998-2001, http:\/\/www.pixelp.com<br \/> [2]\u00a0N.N.: www.watch-wiki.com,\u00a0Gruen, Frederick Gustavuus, 19.10.2014<br \/> [3] Schliesser, Paul, Gruen \u2013The Art &amp; Mystery of Watchmaking, 1998-2001, http:\/\/www.pixelp.com<br \/> [4]\u00a0N.N.:\u00a0http:\/\/www.glashuetteuhren.de,\u00a0\u201eGruensche Uhrenfabrikation Gruen und Assmann\u201c in Glash\u00fctte, 19.10.2014<br \/> [5] N.N.:\u00a0http:\/\/www.findagrave.com\/cgi-bin\/fg.cgi?page=gr&amp;GRid=78943770, 19.10.2014<br \/> [6] N.N.: http:\/\/www.archives.com\/1940-census\/margaret-longacre-oh-103503131, 19.10.2014<br \/> [7] n.N.: http:\/\/www.tristateobits.com\/obituary\/Frederick-Gruen-Longacre, 19.10.2014<br \/>[a], [b], [c] \u00a0N.N.:\u00a0www.glashuetteuhren.de<\/p>\n<\/div><\/div><\/div><\/div><\/div>","protected":false},"excerpt":{"rendered":"<p>Am 15. April 1872 wurde Frederick Gustavus Gruen geboren. Der \u00e4lteste Sohn von Dietrich und Pauline\u00a0Gruen, der im deutschsprachigen Mutterhaus Fritz gerufen wurde, wurde schon fr\u00fch auf seine Rolle als Stammhalter und sp\u00e4terer Gesch\u00e4ftsf\u00fchrer des Familienunternehmens vorbereitet. Bereits\u00a0w\u00e4hrend seiner Schulferien arbeitete er im v\u00e4terlichen Unternehmen, namentlich im Maschinenhaus und \u00a0der Schlosserei, also den Abteilungen, die &hellip; <\/p>\n<p class=\"link-more\"><a href=\"https:\/\/gruen.watch\/?page_id=114\" class=\"more-link\"><span class=\"screen-reader-text\">\u201e1872 &#8211; Frederick Gruen\u201c<\/span> weiterlesen<\/a><\/p>\n","protected":false},"author":1,"featured_media":0,"parent":49,"menu_order":6,"comment_status":"closed","ping_status":"open","template":"","meta":[],"_links":{"self":[{"href":"https:\/\/gruen.watch\/index.php?rest_route=\/wp\/v2\/pages\/114"}],"collection":[{"href":"https:\/\/gruen.watch\/index.php?rest_route=\/wp\/v2\/pages"}],"about":[{"href":"https:\/\/gruen.watch\/index.php?rest_route=\/wp\/v2\/types\/page"}],"author":[{"embeddable":true,"href":"https:\/\/gruen.watch\/index.php?rest_route=\/wp\/v2\/users\/1"}],"replies":[{"embeddable":true,"href":"https:\/\/gruen.watch\/index.php?rest_route=%2Fwp%2Fv2%2Fcomments&post=114"}],"version-history":[{"count":10,"href":"https:\/\/gruen.watch\/index.php?rest_route=\/wp\/v2\/pages\/114\/revisions"}],"predecessor-version":[{"id":5894,"href":"https:\/\/gruen.watch\/index.php?rest_route=\/wp\/v2\/pages\/114\/revisions\/5894"}],"up":[{"embeddable":true,"href":"https:\/\/gruen.watch\/index.php?rest_route=\/wp\/v2\/pages\/49"}],"wp:attachment":[{"href":"https:\/\/gruen.watch\/index.php?rest_route=%2Fwp%2Fv2%2Fmedia&parent=114"}],"curies":[{"name":"wp","href":"https:\/\/api.w.org\/{rel}","templated":true}]}}