{"id":260,"date":"2014-10-22T18:02:22","date_gmt":"2014-10-22T16:02:22","guid":{"rendered":"http:\/\/gruen.watch\/?page_id=260"},"modified":"2016-06-29T12:53:56","modified_gmt":"2016-06-29T10:53:56","slug":"1847-dietrich-gruen","status":"publish","type":"page","link":"https:\/\/gruen.watch\/?page_id=260","title":{"rendered":"1847 &#8211; Dietrich Gruen"},"content":{"rendered":"<p><figure id=\"attachment_76\" aria-describedby=\"caption-attachment-76\" style=\"width: 227px\" class=\"wp-caption alignright\"><a href=\"http:\/\/gruen.watch\/wp-content\/uploads\/2014\/10\/1892-Dietrich-Gruen-History-of-the-City-of-Columbus-Capital-of-Ohio-OH-977.13-C72L-volume-2-page-288-opposite-and-816.png\"><img loading=\"lazy\" class=\"size-medium wp-image-76\" src=\"http:\/\/gruen.watch\/wp-content\/uploads\/2014\/10\/1892-Dietrich-Gruen-History-of-the-City-of-Columbus-Capital-of-Ohio-OH-977.13-C72L-volume-2-page-288-opposite-and-816-227x300.png\" alt=\"Dietrich Gruen, Quelle: http:\/\/digital-collections.columbuslibrary.org\/cdm\/ref\/collection\/ohio\/id\/21817\" width=\"227\" height=\"300\" srcset=\"https:\/\/gruen.watch\/wp-content\/uploads\/2014\/10\/1892-Dietrich-Gruen-History-of-the-City-of-Columbus-Capital-of-Ohio-OH-977.13-C72L-volume-2-page-288-opposite-and-816-227x300.png 227w, https:\/\/gruen.watch\/wp-content\/uploads\/2014\/10\/1892-Dietrich-Gruen-History-of-the-City-of-Columbus-Capital-of-Ohio-OH-977.13-C72L-volume-2-page-288-opposite-and-816-350x462.png 350w, https:\/\/gruen.watch\/wp-content\/uploads\/2014\/10\/1892-Dietrich-Gruen-History-of-the-City-of-Columbus-Capital-of-Ohio-OH-977.13-C72L-volume-2-page-288-opposite-and-816-114x150.png 114w, https:\/\/gruen.watch\/wp-content\/uploads\/2014\/10\/1892-Dietrich-Gruen-History-of-the-City-of-Columbus-Capital-of-Ohio-OH-977.13-C72L-volume-2-page-288-opposite-and-816-775x1024.png 775w, https:\/\/gruen.watch\/wp-content\/uploads\/2014\/10\/1892-Dietrich-Gruen-History-of-the-City-of-Columbus-Capital-of-Ohio-OH-977.13-C72L-volume-2-page-288-opposite-and-816.png 978w\" sizes=\"(max-width: 227px) 100vw, 227px\" \/><\/a><figcaption id=\"caption-attachment-76\" class=\"wp-caption-text\">Dietrich Gruen [a]<\/figcaption><\/figure>Dietrich Gruen wurde am 22. Februar 1847 als j\u00fcngstes von sieben Kindern in Osthofen\/Rheinhessen geboren. Er war der einzige seiner Geschwister, der das Uhrmacherhandwerk erlernte. Im Alter von 15 Jahren wurde Dietrich zur Ausbildung zu dem bedeutenden Uhrmacherlehrer\u00a0Jess Hans Martens (1826\u20131892) geschickt. Dieser hatte bereits im Jahr 1858 ein\u00a0Buch \u00fcber &#8222;Hemmungen der h\u00f6heren Uhrmacherkunst&#8220; geschrieben und war von\u00a01858 bis 1863\u00a0der erste Fachlehrer an der Badischen Uhrmacherschule in Furtwangen im Schwarzwald \u00a01867\u00a0er\u00f6ffnete\u00a0er \u00a0im nahe gelegenen \u00a0Freiburg in Baden ein\u00a0Gesch\u00e4ft und eine Fabrik f\u00fcr die Herstellung und den Verkauf von Taschenuhren sowie eine Lehranstalt f\u00fcr Uhrmacher.[1]<\/p>\n<p><figure id=\"attachment_273\" aria-describedby=\"caption-attachment-273\" style=\"width: 300px\" class=\"wp-caption alignleft\"><a href=\"http:\/\/gruen.watch\/wp-content\/uploads\/2014\/10\/Alte-Uhrmacherschule-Furtwangen.jpg\"><img loading=\"lazy\" class=\"size-medium wp-image-273\" src=\"http:\/\/gruen.watch\/wp-content\/uploads\/2014\/10\/Alte-Uhrmacherschule-Furtwangen-300x183.jpg\" alt=\"Alte Uhrmacherschule Furtwangen\" width=\"300\" height=\"183\" \/><\/a><figcaption id=\"caption-attachment-273\" class=\"wp-caption-text\">Alte Uhrmacherschule Furtwangen [b]<\/figcaption><\/figure>Dietrich Gruen\u00a0arbeitete w\u00e4hrend seiner Ausbildung\u00a0unter anderem auch in Karlsruhe, Wiesbaden. Nach Abschluss seiner Ausbildung ging er f\u00fcr drei Jahre nach Le Locle in die\u00a0Schweiz, wo es schon damals eine bedeutende Uhrenfertigung gab.[2]<\/p>\n<p>Nach der Ausbildung folgte er seinen \u00e4lteren Geschwistern, die in die USA ausgewandert waren. Dort heiratete er am 6.5.1869 in Cincinnati\/Ohio die deutschst\u00e4mmige Pauline Wittlinger und hatte mit ihr f\u00fcnf Kinder. \u00a0Zun\u00e4chst arbeitete er als Uhrmacher im Uhrmacherladen seines Schwiegervaters. Nachdem er sich eine richtungsweisende Innovation in der Konstruktion von Taschenuhren patentieren lie\u00df, machte er sich mit einem Gesch\u00e4ftspartner selbst\u00e4ndig und gr\u00fcndete die Columbus Watch Co. in Columbus\/Ohio. Nachdem diese Anfang der 1890er Jahre durch eine Wirtschaftskrise in wirtschaftliche Schwierigkeiten geriet, gr\u00fcndete er mit seinem \u00e4ltesten Sohn Frederick die Gruen Watch Co. in die sp\u00e4ter auch noch sein zweit\u00e4ltester Sohn Georg J. Gruen einsteigen sollte. Nach anf\u00e4nglichen Schwierigkeiten prosperierte die Firma und wurde sp\u00e4ter zu einer der f\u00fchrenden Uhrenfirmen ihrer Zeit. Dietrich Gruen verstarb auf einer seiner zahlreichen Europareisen am 11.4 1911 auf See kurz vor Italien. Sein Grab ist noch heute auf dem\u00a0Spring Grove Cemetery in Cincinnati, Ohio zu finden.<\/p>\n<p><figure id=\"attachment_11257\" aria-describedby=\"caption-attachment-11257\" style=\"width: 258px\" class=\"wp-caption alignright\"><a href=\"http:\/\/gruen.watch\/wp-content\/uploads\/2014\/10\/Dietrich-Gruen-Memorial-Spring-Grove-Cemetery-Cincinnati-Ohio.jpg\"><img loading=\"lazy\" class=\"wp-image-11257 size-medium\" src=\"http:\/\/gruen.watch\/wp-content\/uploads\/2014\/10\/Dietrich-Gruen-Memorial-Spring-Grove-Cemetery-Cincinnati-Ohio-258x300.jpg\" alt=\"Dietrich Gruen Memorial, Spring Grove Cemetery, Cincinnati, Ohio\" width=\"258\" height=\"300\" srcset=\"https:\/\/gruen.watch\/wp-content\/uploads\/2014\/10\/Dietrich-Gruen-Memorial-Spring-Grove-Cemetery-Cincinnati-Ohio-258x300.jpg 258w, https:\/\/gruen.watch\/wp-content\/uploads\/2014\/10\/Dietrich-Gruen-Memorial-Spring-Grove-Cemetery-Cincinnati-Ohio-350x406.jpg 350w, https:\/\/gruen.watch\/wp-content\/uploads\/2014\/10\/Dietrich-Gruen-Memorial-Spring-Grove-Cemetery-Cincinnati-Ohio-129x150.jpg 129w, https:\/\/gruen.watch\/wp-content\/uploads\/2014\/10\/Dietrich-Gruen-Memorial-Spring-Grove-Cemetery-Cincinnati-Ohio.jpg 504w\" sizes=\"(max-width: 258px) 100vw, 258px\" \/><\/a><figcaption id=\"caption-attachment-11257\" class=\"wp-caption-text\">Dietrich Gruen Memorial, Spring Grove Cemetery, Cincinnati, Ohio [c]<\/figcaption><\/figure>Sein Geburtsort\u00a0Osthofen setzte ihm sowie\u00a0anderen bedeutenden lokalen Pers\u00f6nlichkeiten im Jahr 2009 ein Denkmal. Auf einer Stele, die an zentraler Stelle am Bahnhof von Osthofen platziert wurde, erinnern\u00a02 Zahnr\u00e4der, die an die Mechanik eines Uhrwerks erinnern sollen, sowie diagonale Linien von links-oben nach rechts-unten, die in der Heraldik die Farbe Gr\u00fcn symbolisieren, an Dietrich Gruen.<\/p>\n<p>&nbsp;<\/p>\n<hr \/>\n<p>&nbsp;<\/p>\n<p>[1]\u00a0Sauerborn, Franz-Dieter:\u00a0Jess Hans Martens 1826-1892: Erster Lehrer der Taschenuhrermacherschule in Furtwangen. &#8211; Lehrwerkstatt f\u00fcr Uhrmacher in Freiburg in Baden,\u00a01. Auflage (Mai 2003)<br \/>\n[2]\u00a0Schliesser, Paul, Gruen \u2013The Art &amp; Mystery of Watchmaking, 1998-2001, http:\/\/www.pixelp.com<\/p>\n<p>[a] \u00a0N.N.: Columbus Library,\u00a0http:\/\/digital-collections.columbuslibrary.org\/cdm\/ref\/collection\/ohio\/id\/21817<br \/>\n[b] N.N.:\u00a0Geschichte der Robert-Gerwig-Schule,\u00a0http:\/\/www.rgs-furtwangen.de\/schule\/geschichte.php<br \/>\n[c]\u00a0\u00a0K. Guy, http:\/\/www.findagrave.com\/, 15.7.2008<\/p>\n","protected":false},"excerpt":{"rendered":"<p>Dietrich Gruen wurde am 22. Februar 1847 als j\u00fcngstes von sieben Kindern in Osthofen\/Rheinhessen geboren. Er war der einzige seiner Geschwister, der das Uhrmacherhandwerk erlernte. Im Alter von 15 Jahren wurde Dietrich zur Ausbildung zu dem bedeutenden Uhrmacherlehrer\u00a0Jess Hans Martens (1826\u20131892) geschickt. Dieser hatte bereits im Jahr 1858 ein\u00a0Buch \u00fcber &#8222;Hemmungen der h\u00f6heren Uhrmacherkunst&#8220; geschrieben &hellip; <\/p>\n<p class=\"link-more\"><a href=\"https:\/\/gruen.watch\/?page_id=260\" class=\"more-link\"><span class=\"screen-reader-text\">\u201e1847 &#8211; Dietrich Gruen\u201c<\/span> weiterlesen<\/a><\/p>\n","protected":false},"author":1,"featured_media":0,"parent":49,"menu_order":1,"comment_status":"closed","ping_status":"open","template":"","meta":[],"_links":{"self":[{"href":"https:\/\/gruen.watch\/index.php?rest_route=\/wp\/v2\/pages\/260"}],"collection":[{"href":"https:\/\/gruen.watch\/index.php?rest_route=\/wp\/v2\/pages"}],"about":[{"href":"https:\/\/gruen.watch\/index.php?rest_route=\/wp\/v2\/types\/page"}],"author":[{"embeddable":true,"href":"https:\/\/gruen.watch\/index.php?rest_route=\/wp\/v2\/users\/1"}],"replies":[{"embeddable":true,"href":"https:\/\/gruen.watch\/index.php?rest_route=%2Fwp%2Fv2%2Fcomments&post=260"}],"version-history":[{"count":16,"href":"https:\/\/gruen.watch\/index.php?rest_route=\/wp\/v2\/pages\/260\/revisions"}],"predecessor-version":[{"id":11263,"href":"https:\/\/gruen.watch\/index.php?rest_route=\/wp\/v2\/pages\/260\/revisions\/11263"}],"up":[{"embeddable":true,"href":"https:\/\/gruen.watch\/index.php?rest_route=\/wp\/v2\/pages\/49"}],"wp:attachment":[{"href":"https:\/\/gruen.watch\/index.php?rest_route=%2Fwp%2Fv2%2Fmedia&parent=260"}],"curies":[{"name":"wp","href":"https:\/\/api.w.org\/{rel}","templated":true}]}}