{"id":5103,"date":"2015-07-02T17:44:42","date_gmt":"2015-07-02T15:44:42","guid":{"rendered":"http:\/\/gruen.watch\/?page_id=5103"},"modified":"2015-12-08T11:55:10","modified_gmt":"2015-12-08T09:55:10","slug":"wert-bestimmen","status":"publish","type":"page","link":"https:\/\/gruen.watch\/?page_id=5103","title":{"rendered":"Wertermittlung"},"content":{"rendered":"<div id=\"pl-5103\"  class=\"panel-layout\" ><div id=\"pg-5103-0\"  class=\"panel-grid panel-no-style\" ><div id=\"pgc-5103-0-0\"  class=\"panel-grid-cell\" ><div id=\"panel-5103-0-0-0\" class=\"so-panel widget widget_black-studio-tinymce widget_black_studio_tinymce panel-first-child\" data-index=\"0\" ><div class=\"textwidget\"><p>Sie haben eine Gruen-Uhr geerbt und sind sich nicht sicher, ob eine Reparatur lohnt, oder Sie wollen eine Gruen-Uhr kaufen und wollen wissen, was diese kosten darf? Den Wert einer Gruen-Uhr zu bestimmen ist nicht immer ganz einfach, da diese Uhren seit Jahrzehnten nicht mehr hergestellt werden und es keinen Katalog gibt, in denen der Preis vermerkt w\u00e4re. In der Vergangenheit wurden mitunter\u00a0B\u00fccher ver\u00f6ffentlicht, in denen die gehandelten Preise verschiedener Uhrenmarken und Uhrenmodelle \u00fcber die letzten Jahre ver\u00f6ffentlicht wurden. Diese Publikationen waren aber zumeist l\u00fccken- und fehlerhaft und relativ schnell wieder veraltet. Heute kann man besser \u00fcber das Internet recherchieren.\u00a0In den seltensten F\u00e4llen werden Sie aber genau das passende Modell und in einem vergleichbaren Zustand finden, sodass Sie am Ende doch auf die eigene oder die Sch\u00e4tzung der Uhr durch einen Experten angewiesen sind.<\/p>\n<p>Im Folgenden sind die wesentlichen wertbestimmenden Faktoren von Gruen-Uhren aufgelistet:<\/p>\n<\/div><\/div><div id=\"panel-5103-0-0-1\" class=\"so-panel widget widget_origin_list\" data-index=\"1\" ><div class=\"panel-widget-style panel-widget-style-for-5103-0-0-1\" ><div class=\"origin-widget origin-widget-list origin-widget-list-simple-orange\"><h3 class=\"widget-title\">Material der Uhr<\/h3><p>Besteht die Uhr aus massivem Gold oder ist sie nur vergoldet? Der Materialwert einer massiv goldenen Uhr betr\u00e4gt bereits ca.150-200\u20ac, der einer vergoldeten Uhr aber meist keine 10 \u20ac. Das Material der Uhr findet sich bei Gruen-Uhren meist auf der Stirnseite der R\u00fcckseite eingraviert. Hier finden sich Bezeichnungen wie <\/p>\n<ul>\n<li> \"Base Metal\" = unedles nicht verg\u00fctetes Metall, meist verwendet f\u00fcr Geh\u00e4use (engl. \"Bezel\") in den 194oer bis 1960er  Jahren, weist oft starke Korrosionssch\u00e4den auf)<\/li>\n<li> \"Guildite\" = Edelstahl, nichtrostend, die Bezeichnung wurde nur von Gruen verwendet, meist nur f\u00fcr die Uhrendeckel (engl. \"Back\") verwendet, die direkt mit dem Schwei\u00df der Haut in Ber\u00fchrung kam<\/li>\n<li> \"Reinforced Gold\", doppelte Goldauflage an der Au\u00dfenseite der Uhr, wo der meiste Abrieb stattfindet. Die Bezeichnung \"Gruen Reinforced Gold\" war durch Gruen warenzeichlich gesch\u00fctzt. Neben Gold findet sich auch \"Reinforced Platinum\".<\/li>\n<li> \"10K gold filled\" oder \"14 K gold filled\" (mitunter auch abgek\u00fcrzt \"GF\") = vergoldet mit 10 oder 14 Karat Gold<\/li>\n<li> \"Gold plated\" (mitunter auch abgek\u00fcrzt als \"GP\" = ebenfalls vergoldet, die aufgetragene Schicht ist aber deutlich d\u00fcnner als bei \"Gold Filled\" und die Uhr daher weniger wert<\/li>\n<li> \"10 K Gold\" oder \"14 K Gold\" (oft auch nur \"10 K\" oder \"14 K\" ohne weitere Zus\u00e4tze) = massiv Gold in der Qualit\u00e4t 10 oder 14 Karat, meist sowohl f\u00fcr Geh\u00e4use als auch f\u00fcr Uhrdeckel verwendet<\/li>\n<li> \"Nickel\" = Nickel, wurde nur in den 1910er und fr\u00fchen 1920er Jahren verwendet, weist mitunter starke Korrosionssch\u00e4den auf und kann Allergien ausl\u00f6sen<\/li>\n<li> \"Sterling\" = Silber, wurde teilweise f\u00fcr die Uhrdeckel w\u00e4hrend des zweiten Weltkriegs verwendet, Reinheit 92,5% wie bei der alten englischen Sterling-M\u00fcnze, woher der Name stammt, bessere Qualit\u00e4t als das sogenannte Coin-Silver, das teilweise nur 75% Reinheit besitzt<\/li>\n<\/ul>\n<\/div><\/div><\/div><div id=\"panel-5103-0-0-2\" class=\"so-panel widget widget_origin_list\" data-index=\"2\" ><div class=\"panel-widget-style panel-widget-style-for-5103-0-0-2\" ><div class=\"origin-widget origin-widget-list origin-widget-list-simple-orange\"><h3 class=\"widget-title\">Zustand der Uhr<\/h3><p>Da mechanische Gruen-Uhren heute nicht mehr gebaut werden, sind fast alle Uhren benutzt. Der Erhaltungszustand der Uhren kann stark variieren. Nur selten findet man fabrikneue, ungetragene Uhren im Handel die meist unter der Bezeichnung \"NOS\" (=\"new old stock\", engl. f\u00fcr \"neuwertiger alter Lagerbestand\") oder \"mint\" (engl. \"unbenutzt\") angeboten werden.<\/p>\n<ul>\n<li> Komplettheit: fehlen Zeiger, Krone, Uhrglas oder Uhrband? Ersatzteile gibt es zwar meist noch, sind aber nicht immer leicht zu beschaffen<\/li>\n<li> Originalzustand: Sind alle Teile noch im Originalzustand? Wurden in der Vergangenheit mangels Verf\u00fcgbarkeit beispielsweise Zeiger oder Krone mit nicht originalen Teilen ersetzt, mindert das den Wert, insbesondere wenn auf der Krone beispielsweise \"Bulova\" oder eine andere Marke steht. Zifferbl\u00e4tter werden mitunter auch neu bedruckt. F\u00fcr Sammler mindert das den Wert, insbesondere wenn das Zifferblatt mit Phantasiemustern oder Farben bedruckt wird, die es im Original nie gab.<\/li>\n<li> Gebrauchsspuren: Gebrauchsspuren mindern den Wert einer Uhr. Dabei ist zu unterscheiden, ob beispielweise das Uhrglas nur leichte Kratzer hat, die poliert werden k\u00f6nnen, oder ob das Uhrglas komplett ersetzt werden muss. Weiterhin mindern zu tiefe Kratzer oder blanke Abriebstellen an den Ecken des Geh\u00e4uses, bei denen das Tr\u00e4germetall erkennbar wird, den Wert einer Uhr. Das gleiche gilt f\u00fcr starke Verf\u00e4rbungen, Kratzer und Flecke auf dem Zifferblatt. Eine leichte Patina hingegen, die signalisiert, das es sich um das Originalzifferblatt handelt, ist durchaus erw\u00fcnscht.<\/li>\n<li> Funktion, Ganggenauigkeit: Mechanische Uhren ben\u00f6tigen in der Regel alle 5-10 Jahre eine Reinigung und Revision. Diese kostet leicht 80\u20ac und mehr. Kommen noch Ersatzteile hinzu wird es noch deutlich teurer. Daher sind Uhren, deren k\u00fcrzliche Revision durch einen Uhrmacher belegt werden kann und die maximal eine Minute am Tag falsch gehen, generell teurer. L\u00e4uft die Uhr an und bleibt nach einigen Minuten wieder stehen, ist damit die Funktionsweise garantiert und es wird nur eine Reinigung und Justierung ben\u00f6tigt. Schlimmer wird es, wenn der Aufzugmechanismus blockiert oder durchdreht und\/oder die Zeiger sich nicht mehr verstellen lassen. Dies deutet auf eine gr\u00f6\u00dfere Reparatur hin, die den Wert der Uhr deutlich mindert. <\/li>\n<\/ul>\n<\/div><\/div><\/div><div id=\"panel-5103-0-0-3\" class=\"so-panel widget widget_origin_list\" data-index=\"3\" ><div class=\"panel-widget-style panel-widget-style-for-5103-0-0-3\" ><div class=\"origin-widget origin-widget-list origin-widget-list-simple-orange\"><h3 class=\"widget-title\">Alter der Uhr<\/h3><p>Vom Anfang des vorigen jahrhunderts bis in die 1950er Jahre entwickelten sich Armabnduhren von einer Rarit\u00e4t zu einem Massenartikel. Mit der H\u00e4ufigkeit nimmt aber auch die Seltenheit ab, wodurch der Sammlerwert sinkt. Daher sind \u00e4ltere Uhren in der Regel teurer als j\u00fcngere. Soweit zur Theorie. In der Praxis wird diese Regel aber oft durchbrochen, da die Tragbarkeit einer Uhr oder besondere Eigenschaften f\u00fcr den Erwerber oft wichtiger sind, als deren Seltenheit.<br \/>\nOft kann man lesen, dass alle Gruen Uhren, die nach der Einstellung der eigenen Fertigung in Cincinnati im Jahr 1958 produziert wurden, nicht viel wert sind und nicht stark nachgefragt werden. Diese Aussage ist schlichtweg falsch. Im Gegenteil stammen einige der teureren Gruen-Uhren aus der Zeit danach. Dies liegt daran, dass auch die Nachfolgefirmen der Gruen Watch Company bis zur endg\u00fcltigen Liquidierung der Firma im Jahre 1976 ausschlie\u00dflich hochwertige Schweizer Uhrwerke in ihren Uhren verbaut haben. So geh\u00f6rt die Gruen Airflight aus der ersten H\u00e4lfte der 1960er Jahre, obwohl sie immer noch vergleichsweise h\u00e4ufig angeboten wird, definitiv zu den teuren Gruen-Uhren.<\/p>\n<\/div><\/div><\/div><div id=\"panel-5103-0-0-4\" class=\"so-panel widget widget_origin_list\" data-index=\"4\" ><div class=\"panel-widget-style panel-widget-style-for-5103-0-0-4\" ><div class=\"origin-widget origin-widget-list origin-widget-list-simple-orange\"><h3 class=\"widget-title\">Modell<\/h3><p>Selbst tadellose erhaltene Gruen-Uhren k\u00f6nnen je nach Modell erheblich im Preis variieren. Entscheidend ist hier weniger das Alter als vielmehr die Besonderheit eines Modells und damit die erh\u00f6hte Nachfrage. So findet sich an der Spitze der Preispyramide die Gruen Fiftieth Anniversary Watch, eine f\u00fcnfeckige Taschenuhr, die in limitierter Auflage zum 50. Bestehen der Gruen Watch Company heruasgegeben wurde. Ebenfalls stark nachgefragt wird die Gruen Techni-Quadron, eine rechteckige Uhr mit gro\u00dfer dezentraler Sekunde, die baugleich als Rolex Prince verkauft wurde. <\/p>\n<ul>\n<li>Armband vs. Taschenuhr: F\u00fcr beide Uhrenkategorien gibt es eine Sammlergemeinde, so dass man hier keine Pr\u00e4ferenz zugunsten der einen oder anderen aussprechen kann. Taschenuhren haben den Vorteil, dass sie \u00e4lter und seltener sind, Armbanduhren haben hingegen den Vorteil, dass sie auch heute noch problemlos getragen werden k\u00f6nnen.<\/li>\n<li> Modellreihe: Generell kann festgehalten werden, dass die Armbanduhren der Modellreihen Quadron und Curvex eher teurer sind als die Modellreihen Veri-Thin, Precision oder die normalen Gruen Watches. Innerhalb der Modellreihen gibt es aber enorme Unterschiede: So werden die Veri-Thin Uhren der \"Pan American\"-Reihe oder die Gruen 21 Barclay (\"Spider\") traditionell stark nachgefragt, obwohl viele andere Uhren dieser Modellreihen eher weniger gesucht werden. Die Zugeh\u00f6rigkeit zu den Modellreihen kann man zuweilen der Beschriftung auf dem Zifferblatt ablesen, ansonsten empfiehlt sich eine Identifizierung \u00fcber die B\u00fccher von Mike Barnett (\"Gruen Watch Identification Guide\") oder \u00fcber die Uhrengalerie dieser Webseite. <\/li>\n<li>Modelltyp: Der genaue Modelltyp l\u00e4sst sich oft erst nach \u00d6ffnen des Uhrgeh\u00e4uses bestimmen, anhand des Uhrwerks und der Typnummer, die bei den meisten Gruen-Uhren im Inneren des Uhrdeckels eingepr\u00e4gt ist. Bitte beachten Sie, dass es von vielen Modellen verschiedene Ausf\u00fchrungen gibt, beispielsweise mit einem schwarzen oder einem wei\u00dfen Zifferblatt. Daher ist zur Bestimmung des Modelltyps die Form des Geh\u00e4uses und der Bandanst\u00f6sse wichtiger als die Gestaltung des Zifferblatts.<\/li>\n<li>Uhrwerk: Die unterschiedlichen Modellreihen verwenden meist unterschiedliche Uhrwerke (Ausnahme \"Gruen 21\"). Meist gibt es hier keine besonderen Priorit\u00e4ten bei Sammlern, da Gruen durchweg hochwertige Uhrwerke hergestellt hat. Allerdings gibt es hier eine Ausnahme: Bei den Curvex-Uhren gibt es in Sammlerkreisen eine deutliche Priorit\u00e4t f\u00fcr die l\u00e4ngeren und st\u00e4rker gebogenen 3er-Uhrwerke (311,330 und 370) gegen\u00fcber dem kleineren und h\u00e4ufiger angebotenen 440-Uhrwerk.<\/li>\n<li>Komplikationen: Bis in die zweite H\u00e4lfte der 1940er Jahre besa\u00dfen fast alle Uhren einen Sekundenzeiger als h\u00f6chste Komplikation. Erst danach kamen Automatikuhren und die Datumsanzeige des Monatstages hinzu, die sp\u00e4ter quasi Standard wurden. Weitere Komplikationen, wie eine Alarmfunktion, eine Anzeige der Gangreserve, Stoppuhr, Anzeige von Tages- und Nachtzeit oder Weltzeit etc. gab es erst ab fr\u00fchestens Mitte der 1950er Jahre und nur in ausgesuchten Modellen, die daher sehr gefragt und teuer sind.<\/li>\n<li>Herren- vs. Damenuhr: Da die meisten Uhrensammler M\u00e4nner sind und die meisten Sammler ab und zu ihre Uhren selber tragen wollen, ist die Nachfrage nach Herrenuhren sehr viel gr\u00f6\u00dfer als nach Damenuhren. Dies wirkt sich selbstverst\u00e4ndlich auch auf die Preise von Sammleruhren aus, weshalb Herrenuhren in der Regel deutlich teurer als Damenuhren sind. Au\u00dferdem waren die Herrenuhren bis in die 1960er Jahre sehr viel kleiner als heute wodurch die meisten alten Herrenuhren heute von beiden Geschlechtern, sozusagen als Unisex-Uhren, getragen werden k\u00f6nnen. Auch die Ganggenauigkeit der vergleichsweise gr\u00f6\u00dferen Herrenuhren d\u00fcrfte etwas h\u00f6her sein. Dennoch sind die Miniaturuhrwerke der Damenuhren, speziell in den 1930er und 1940er Jahren, auch heute noch ein Meisterwerk der Uhrmacherkunst und werden zu Unrecht vernachl\u00e4ssigt.<\/li>\n<li>Mode\/Tragbarkeit: Manche Uhrenmodelle sind inzwischen zeitlose Klassiker, wie die Quadron-Modelle im Art_Deco-Stil, und wirken heute wieder an jedem Handgelenk elegant. Andere Uhrenmodelle sind noch vergleichsweise jung und sehen daher f\u00fcr viele \"altmodisch\" aus. Hier sind insbesondere die gro\u00dfen ovalen, tonnen- und kissenf\u00f6rmigen Uhren mit teilweise recht bunten Zifferbl\u00e4ttern der 1970er Jahre zu nennen. Die Sammlergemeinde hat zu diesen Uhren noch nicht gen\u00fcgend Abstand, da man vielfach die Uhren noch aus der eigenen Jugend kennt. \u00c4hnlich wie Oldtimer bei den Autos, m\u00fcssen sie erst noch \u00e4lter werden, um den geb\u00fchrenden Platz in den Sammlerherzen zu erhalten.<\/li>\n<\/ul>\n<p>\u00c4hnliches gilt f\u00fcr die meisten goldenen Uhren, die f\u00fcr den heutigen Zeitgeschmack \u00fcberladen wirken. Daher gibt es momentan einen deutlichen Hang zu silbernen und wei\u00dfgoldenen Uhren, die sich auch im Preis niederschl\u00e4gt.<br \/>\nAuch die kleineren Uhren sind heute weniger gefragt, da der momentane Trend zu sehr gro\u00dfen Armbanduhren im Stile einer Panerai geht.  Allerdings sollte man bedenken, dass jede Mode irgendwann ihr Ende findet und daher schon in einigen Jahren wieder der Trend hin zu kleineren oder goldenen Uhren gehen kann, wodurch diese wieder im Preis steigen. Gl\u00fccklich, wer dann ein Exemplar, das schon fr\u00fcher zum niedrigen Preis erworben wurde, sein eigen nennen kann.<\/p>\n<\/div><\/div><\/div><div id=\"panel-5103-0-0-5\" class=\"so-panel widget widget_origin_list panel-last-child\" data-index=\"5\" ><div class=\"panel-widget-style panel-widget-style-for-5103-0-0-5\" ><div class=\"origin-widget origin-widget-list origin-widget-list-simple-orange\"><h3 class=\"widget-title\">Verkaufsort<\/h3><ul>\n<li>Verkaufsland: Die meisten Gruen-Uhren wurden w\u00e4hrend des Bestehens der Gruen Watch Company in den USA und Kanada verkauft. Wegen eines fehlenden Vertriebsnetzes waren diese Uhren in Europa eher selten. Daher beschr\u00e4nken sich die heute angebotenen Gruen Uhren in Europa meist auf Geschenke und Importe aus den USA. Obwohl auch die Zahl der Sammler f\u00fcr Gruen-Uhren geringer ist als in den USA ist das Preisniveau in Europa deutlich teurer. Dies wird auch dadurch verst\u00e4ndlich, wenn man bedenkt, dass der Versand aus den USA mindestens 25$ kostet und zus\u00e4tzlich die Einfuhr- und Umsatzsteuer auf rund 30% des Waren- und Portowertes entrichtet werden muss<\/li>\n<li>Verkaufsplattform: Fr\u00fcher konnte man Gruen-Uhren nur beim einschl\u00e4gigen Uhrmacher, auf Flohm\u00e4rkten oder Sammlerb\u00f6rsen kaufen. Hier hing es zumeist am Verhandlungsgeschick und dem Verkaufsdruck des Verk\u00e4ufers, ob man ein Schn\u00e4ppchen machen konnte oder nicht. Heute bieten viele Internetplattformen Uhren an. Am bekanntesten ist sicherlich Ebay.  Zur Preisrecherche sollte man allerdings\u00a0seine Suche nicht nur auf Deutschland beschr\u00e4nken (www.ebay.de), sondern vor allem in den USA suchen (www.ebay.com, Suchwort: \"Gruen Watch\"), da dort auch heute noch die meisten Gruen-Uhren verkauft werden. Hier muss man allerdings beachten, dass die dargestellten Preise nicht die tats\u00e4chlichen Verkaufspreise sind, da Ebay ein Auktionsportal ist und die meisten Gebote erst in den letzten Minuten einer Auktion eingehen. Um die tats\u00e4chlich erzielten\u00a0Verkaufspreise zu sehen, m\u00fcssen Sie sich daher die verkauften Uhren ansehen. Dieses Feature von ebay ist weniger bekannt, aber bei der Preisrecherche sehr hilfreich. in der linken Men\u00fcleiste der amerikanischen Webseite von Ebay unter der Rubrik \"Show only\" die Auswahl \"Sold listings\" anklicken. Leider werden die beendeten Auktionen von Ebay bereits nach wenigen Monaten gel\u00f6scht, so dass sich hier alle paar Wochen ein neuer Blick empfiehlt.<\/li>\n<\/ul>\n<p>Weitere renommierte Verkaufsportale sind\u00a0www.chrono24.com und www.auctionata.de. Hier liegen die Preise meist deutlich h\u00f6her als bei Ebay, die angebotenen Uhren sind aber zumeist general\u00fcberholt, gereinigt und justiert. Als letzte M\u00f6glichkeit kann man auch bei renommierten H\u00e4ndlern von Gruen-Uhren nachsehen, ob das gew\u00fcnschte Modell zurzeit vorr\u00e4tig ist und zu welchem Preis. Diese H\u00e4ndler geben zumeist eine Garantie auf Ganggenauigkeit, was sich nat\u00fcrlich auch im Preis niederschl\u00e4gt. Interessante Adressen sind hier www.watch-seller.de, www.watch-time.de, www.linckersdorff.de, www.empress.cc.<\/p>\n<\/div><\/div><\/div><\/div><\/div><\/div>","protected":false},"excerpt":{"rendered":"<p>Sie haben eine Gruen-Uhr geerbt und sind sich nicht sicher, ob eine Reparatur lohnt, oder Sie wollen eine Gruen-Uhr kaufen und wollen wissen, was diese kosten darf? Den Wert einer Gruen-Uhr zu bestimmen ist nicht immer ganz einfach, da diese Uhren seit Jahrzehnten nicht mehr hergestellt werden und es keinen Katalog gibt, in denen der &hellip; <\/p>\n<p class=\"link-more\"><a href=\"https:\/\/gruen.watch\/?page_id=5103\" class=\"more-link\"><span class=\"screen-reader-text\">\u201eWertermittlung\u201c<\/span> weiterlesen<\/a><\/p>\n","protected":false},"author":1,"featured_media":0,"parent":189,"menu_order":0,"comment_status":"closed","ping_status":"closed","template":"","meta":[],"_links":{"self":[{"href":"https:\/\/gruen.watch\/index.php?rest_route=\/wp\/v2\/pages\/5103"}],"collection":[{"href":"https:\/\/gruen.watch\/index.php?rest_route=\/wp\/v2\/pages"}],"about":[{"href":"https:\/\/gruen.watch\/index.php?rest_route=\/wp\/v2\/types\/page"}],"author":[{"embeddable":true,"href":"https:\/\/gruen.watch\/index.php?rest_route=\/wp\/v2\/users\/1"}],"replies":[{"embeddable":true,"href":"https:\/\/gruen.watch\/index.php?rest_route=%2Fwp%2Fv2%2Fcomments&post=5103"}],"version-history":[{"count":15,"href":"https:\/\/gruen.watch\/index.php?rest_route=\/wp\/v2\/pages\/5103\/revisions"}],"predecessor-version":[{"id":5110,"href":"https:\/\/gruen.watch\/index.php?rest_route=\/wp\/v2\/pages\/5103\/revisions\/5110"}],"up":[{"embeddable":true,"href":"https:\/\/gruen.watch\/index.php?rest_route=\/wp\/v2\/pages\/189"}],"wp:attachment":[{"href":"https:\/\/gruen.watch\/index.php?rest_route=%2Fwp%2Fv2%2Fmedia&parent=5103"}],"curies":[{"name":"wp","href":"https:\/\/api.w.org\/{rel}","templated":true}]}}