{"id":6178,"date":"2015-09-15T11:59:37","date_gmt":"2015-09-15T09:59:37","guid":{"rendered":"http:\/\/gruen.watch\/?page_id=6178"},"modified":"2015-12-07T20:53:41","modified_gmt":"2015-12-07T18:53:41","slug":"uhrwerke","status":"publish","type":"page","link":"https:\/\/gruen.watch\/?page_id=6178","title":{"rendered":"Uhrwerke"},"content":{"rendered":"<div id=\"pl-6178\"  class=\"panel-layout\" ><div id=\"pg-6178-0\"  class=\"panel-grid panel-no-style\" ><div id=\"pgc-6178-0-0\"  class=\"panel-grid-cell\" ><div id=\"panel-6178-0-0-0\" class=\"so-panel widget widget_black-studio-tinymce widget_black_studio_tinymce panel-first-child panel-last-child\" data-index=\"0\" ><div class=\"textwidget\"><p>Gruen besa\u00df im Gegensatz zu vielen\u00a0anderen amerikanischen Uhrenfirmen bereits fr\u00fch eine eigene Manufaktur von Uhrwerken und war daher nicht oder nur sehr wenig auf fremde Uhrwerke angewiesen. Selbst die in den Anfangsjahren fremd produzierten Uhrwerke, die zugekauft werden mussten, da die eigene Produktion noch nicht ausreichend war, beruhten meist auf eigenen Konstruktionen oder Modifikationen. Man findet heute mehr als 150 Uhrwerke und deren Varianten, die mit einer eigenen Gruen-Kaliberbezeichnung versehen wurden. Erst nach der Aufl\u00f6sung der Hauptverwaltung in Cincinnati im Jahr 1958 und dem sp\u00e4teren Verkauf der eigenen Uhrwerksproduktion in Biel\/Schweiz wurden\u00a0zunehmend Fremduhrwerke schweizer und deutscher Herkunft verbaut. Da es sich hier um hochwertige mechanische Uhrwerke handelte, sind diese Uhren auch heute noch bei Liebhabern und Sammlern gefragt. Ende der 1960er und Anfang der 1970er Jahre begann dann der Siegeszug der <a title=\"Gruen Precision Electronic\" href=\"http:\/\/gruen.watch\/?product_cat=gruen-electronic\">elektronischen Uhren<\/a>, die allerdings noch kein Quarzuhrwerk hatten. Auch diese Uhren meist europ\u00e4ischer Herstellung finden zunehmend das Interesse der Sammler. Erst ab den 1970er Jahren wurden dann billige und qualitativ wenig anspruchsvolle <a title=\"Gruen Modellreihen\" href=\"http:\/\/gruen.watch\/?product_cat=gruen-quarz\">Quarz-Uhren<\/a> meist asiatischer Herkunft unter dem Namen Gruen verkauft, die\u00a0nur in den seltensten F\u00e4llen im Gebrauchtmarkt einen Abnehmer finden.<\/p>\n<p>\u00a0<\/p>\n<p><b>Uhrwerksbezeichnung<\/b><\/p>\n<p style=\"padding-left: 30px;\">Die Uhrwerke wurden fast ausschlie\u00dflich mit dreistelligen Ziffern bezeichnet, denen teilweise vorne oder hinten Buchstaben angeh\u00e4ngt wurden. Die Buchstaben dienen der Unterscheidung bestimmter Komplikationen, falls von einem Uhrwerk verschiedene Varianten hergestellt wurden. Im Einzelnen bedeutet:<\/p>\n<table style=\"height: 298px;\" width=\"307\" align=\"right\">\n<tbody>\n<tr>\n<td><a href=\"http:\/\/gruen.watch\/wp-content\/uploads\/2015\/09\/N510SS-Divers-Watch-Movement-klein.jpg\"><img class=\"aligncenter size-medium wp-image-6538\" src=\"http:\/\/gruen.watch\/wp-content\/uploads\/2015\/09\/N510SS-Divers-Watch-Movement-klein-300x225.jpg\" alt=\"N510SS Divers Watch Movement, klein\" width=\"300\" height=\"225\" \/><\/a><\/td>\n<\/tr>\n<tr>\n<td>Gruen Precision 17 Jewels mit N510SS Uhrwerk, Foto: Peter Schill<\/td>\n<\/tr>\n<tr>\n<td>\u00a0<\/td>\n<\/tr>\n<\/tbody>\n<\/table>\n<p style=\"padding-left: 30px;\"><strong>PR\u00c4FIX<\/strong> (Buchstaben vorangestellt)<\/p>\n<p style=\"padding-left: 60px;\">N = No fixed stud carrier (?) (beweglicher Spiralkl\u00f6tzchen-Tr\u00e4ger)<\/p>\n<p style=\"padding-left: 30px;\"><strong>SUFFIX<\/strong> (Buchstaben hinten angeh\u00e4ngt)<\/p>\n<p style=\"padding-left: 60px;\">C = Curved (gew\u00f6lbte Zifferblattseite)<br \/> CA = Calendar (Monatstag)<br \/> <span style=\"line-height: 1.5;\">CD = Calendar, Day (Monatstag, Wochentag)<br \/><\/span><span style=\"line-height: 1.5;\">DD = Duo Dial (mit zweitem Zifferblatt)<br \/> <\/span><span style=\"line-height: 1.5;\">R = Resistant (Sto\u00dfsicherung)<br \/> <\/span><span style=\"line-height: 1.5;\">RI = Reserve Indicator (Gangreservenanzeiger)<br \/>SS = Sweep Second (Zentralsekunde)<br \/><\/span><\/p>\n<p>\u00a0<\/p>\n<p>\u00a0<\/p>\n<p><b>Uhrwerksformen<\/b><\/p>\n<p><strong>a) \u00a0 rund<br \/> <\/strong><span style=\"line-height: 1.5;\">\u00a0 \u00a0 \u00a0 \u00a0 (engl. round)<\/span><\/p>\n<table style=\"height: 132px; padding-left: 30px;\" width=\"234\" align=\"right\">\n<tbody style=\"padding-left: 30px;\">\n<tr style=\"padding-left: 30px;\">\n<td style=\"padding-left: 30px;\" valign=\"middle\"><a href=\"http:\/\/gruen.watch\/wp-content\/uploads\/2015\/09\/rundes-DGS-Uhrwerk.jpg\"><img class=\"aligncenter size-medium wp-image-6539\" src=\"http:\/\/gruen.watch\/wp-content\/uploads\/2015\/09\/rundes-DGS-Uhrwerk-300x225.jpg\" alt=\"rundes DG&amp;S Uhrwerk\" width=\"300\" height=\"225\" \/><\/a><\/td>\n<\/tr>\n<tr style=\"padding-left: 30px;\">\n<td style=\"padding-left: 30px;\" valign=\"middle\">Rundes Uhrwerk einer Damenarbanduhr mit Dietrich Gruen &amp; S\u00f6hne-Logo, ca.1915<br \/> Foto: Peter Schill<\/td>\n<\/tr>\n<\/tbody>\n<\/table>\n<p style=\"padding-left: 30px;\">Bis in die 1920er Jahre waren alle Uhrwerke rund, was mit der runden Form der Taschenuhren und dem runden Zifferblatt mit umlaufenden Zeigern erkl\u00e4rt werden kann. Durch vielerlei Innovationen in der Uhrwerkstechnik trat die runde Uhrwerksform in den Folgejahren in den Hintergrund.<\/p>\n<p style=\"padding-left: 30px;\">Erst mt den Gruen Veri-Thin Panamerican-Modellen mit zentralem Sekundenzeiger wurden die runden Uhrwerke Mitte der 1940er Jahre wieder popul\u00e4rer und seit den 1950er Jahren bis in die heutige Zeit sind runde Uhrwerke nahezu zum Standard geworden.<\/p>\n<p>\u00a0<\/p>\n<p>\u00a0<\/p>\n<p><b>b)\u00a0\u00a0 rechteckig<br \/> <\/b>\u00a0 \u00a0 \u00a0 \u00a0 (engl. rectangle, tank shape)<\/p>\n<table style=\"height: 125px;\" width=\"214\" align=\"right\">\n<tbody>\n<tr>\n<td valign=\"middle\"><a href=\"http:\/\/gruen.watch\/wp-content\/uploads\/2015\/09\/Gruen-Kal.-835-DAU-rechteckig-mit-abgeflachten-Ecken-.png\"><img class=\"aligncenter size-medium wp-image-6540\" src=\"http:\/\/gruen.watch\/wp-content\/uploads\/2015\/09\/Gruen-Kal.-835-DAU-rechteckig-mit-abgeflachten-Ecken--300x227.png\" alt=\"Gruen Kal. 835 DAU, rechteckig mit abgeflachten Ecken\" width=\"300\" height=\"227\" \/><\/a><\/td>\n<\/tr>\n<tr>\n<td valign=\"middle\">Gruen Damenuhr der Cartouche Baureihe mit Kaliber 835, ca.1923, rechteckig mit abgeflachten Ecken, Foto: Peter Schill<\/td>\n<\/tr>\n<\/tbody>\n<\/table>\n<p style=\"padding-left: 30px;\">jeweils zwei gegen\u00fcber liegende Seiten parallel zueienander, dabei bei gegen\u00fcberliegende Seiten l\u00e4nger als die beiden anderen, Ecken entweder abgerundet oder abgeflacht<\/p>\n<p style=\"padding-left: 30px;\">In den 1920er Jahren wurden mit zunehmender Popularit\u00e4t von Armbanduhren auch rechteckige Uhren popul\u00e4r. In rechteckigen Uhrgeh\u00e4usen passten sich rechteckige Uhrwerke besser ein, als die bis dahin verwendeten runden. Gruen war mit der Gruen Cartouche-Damenuhr von 1921 einer der Pioniere bei eckigen Uhrwerken. In zeitgen\u00f6sssichen Anzeigen wurden die rechteckige Form der Gruen Cartouche als \"die logische Armbanduhr-Form\" bezeichnet. Die Ecken der Uhrwerke sind meist abgerundeten oder abgeflacht.<\/p>\n<p>\u00a0<\/p>\n<p>\u00a0<\/p>\n<p><b>c) \u00a0 tonnenf\u00f6rmig, fassf\u00f6rmig<br \/> <\/b>\u00a0 \u00a0 \u00a0 \u00a0 (engl. tonneau, cask shape)<\/p>\n<table style=\"height: 107px;\" width=\"193\" align=\"right\">\n<tbody>\n<tr>\n<td align=\"right\" valign=\"middle\"><a href=\"http:\/\/gruen.watch\/wp-content\/uploads\/2015\/09\/Gruen-Quadron-157-8.jpg\"><img class=\"aligncenter size-medium wp-image-6541\" src=\"http:\/\/gruen.watch\/wp-content\/uploads\/2015\/09\/Gruen-Quadron-157-8-300x246.jpg\" alt=\"Gruen Quadron 157-8\" width=\"300\" height=\"246\" \/><\/a><\/td>\n<\/tr>\n<tr align=\"left\">\n<td valign=\"middle\">Gruen Quadron Herrenarmbanduhr, Kaliber 157, ca. 1927, tonnenf\u00f6rmig, Foto: Peter Schil- zwei gegen\u00fcberliegende Seiten des Uhrwerks sind gebogen, die anderen zwei gerade und parallel<\/td>\n<\/tr>\n<\/tbody>\n<\/table>\n<p style=\"padding-left: 30px;\">Die tonnenf\u00f6rmigen Uhrwerke sind eine Abwandlung der rechteckigen Uhrwerke und wurden in Gruen-Uhren erstmals ab 1925 in der Quadron-Baureihe eingesetzt. Auch sie haben den Vorteil, dass sie ein rechteckiges Geh\u00e4use effektiver ausnutzen als ein rundes Uhrwerk. Die leichte Rundung von zwei Seiten erlaubt den Einsatz einer etwas vergr\u00f6\u00dferten (runden) Unruh.<\/p>\n<p style=\"padding-left: 30px;\">Die Quadron-Baureihe waren die erste kommerziell erfolgreiche und komplett eigenst\u00e4ndige Armbanduhrserie f\u00fcr Herren von Gruen. Sie wurden von 1925 bis Anfang der 1930er Jahre in verschiedenen Modellen und Varianten gebaut. Die innovativen Uhrwerke und das elegante Art Deco Design wurde von vielen Mitbewerbern kopiert.<\/p>\n<p>\u00a0<\/p>\n<p>\u00a0<\/p>\n<p><b>d)\u00a0\u00a0 kissenf\u00f6rmig<br \/> <\/b>\u00a0 \u00a0 \u00a0 \u00a0 \u00a0(engl. cushion shape)<b><br clear=\"all\" \/><\/b><\/p>\n<table style=\"height: 156px;\" width=\"221\" align=\"right\">\n<tbody>\n<tr>\n<td valign=\"middle\"><a href=\"http:\/\/gruen.watch\/wp-content\/uploads\/2015\/09\/Gruen-Veri-Thin-430-tankf\u00f6rmiges-Uhrwerk.png\"><img class=\"aligncenter size-medium wp-image-6542\" src=\"http:\/\/gruen.watch\/wp-content\/uploads\/2015\/09\/Gruen-Veri-Thin-430-tankf\u00f6rmiges-Uhrwerk-300x282.png\" alt=\"Gruen Veri-Thin 430, tankf\u00f6rmiges Uhrwerk\" width=\"300\" height=\"282\" \/><\/a><\/td>\n<\/tr>\n<tr>\n<td valign=\"middle\">\u00a0Gruen Veri-Thin, Herrenarbanduhr, Kaliber 430, ca. 1944, kissenf\u00f6rmig, Foto: Peter Schil<\/td>\n<\/tr>\n<\/tbody>\n<\/table>\n<p style=\"padding-left: 30px;\">Kissenf\u00f6rmige Uhrwewerke sind an allen vier seiten des Uhrwerks gebogen. Im Gegensatz zu den ovalen Uhrwerken weisen sie allerdings vier stumpfe Ecken auf.<br \/> Kissenf\u00f6rmige Uhrwerke und die weiter unten vorgestellten ovalen Uhrwerke stellen einen Kompromiss zwischen den runden und den eckigen Kaliber-Bauformen dar. W\u00e4hrend die runden Bauformen den Rundungen der R\u00e4derwerke entgegenkommt, optimieren die eckigen Bauformen die Ausnutzung des Platzes in einem eckigen Uhrgeh\u00e4use. Daher haben sich die beiden letzgenannten Formen neben den tonnenf\u00f6rmigen Uhrwerken in sp\u00e4teren Jahren f\u00fcr eckige Uhren durchgesetzt.<\/p>\n<p>\u00a0<\/p>\n<p>\u00a0<\/p>\n<p><strong>e)\u00a0\u00a0 oval<\/strong><br \/> (engl. oval, egg shape)<\/p>\n<table style=\"height: 195px;\" width=\"217\" align=\"right\">\n<tbody>\n<tr>\n<td><a href=\"http:\/\/gruen.watch\/wp-content\/uploads\/2015\/09\/Gruen-225RSS-DAU-ovales-Uhrwerk-.png\"><img class=\"aligncenter size-medium wp-image-6543\" src=\"http:\/\/gruen.watch\/wp-content\/uploads\/2015\/09\/Gruen-225RSS-DAU-ovales-Uhrwerk--300x282.png\" alt=\"Gruen 225RSS, DAU, ovales Uhrwerk\" width=\"300\" height=\"282\" \/><\/a><\/td>\n<\/tr>\n<tr>\n<td>\u00a0Gruen Precision Damenarmbanduhr, Kaliber 225RSS, oval, Foto: Peter Schill<\/td>\n<\/tr>\n<\/tbody>\n<\/table>\n<p style=\"padding-left: 30px;\">Die ovalen Uhrwerke besitzen wie die kissenf\u00f6rmigen Uhrwerke vier gerundete Seiten, haben aber im Gegensatz zu diesen keine oder nur angedeutete Ecken.<\/p>\n<p style=\"padding-left: 30px;\">Ovale Uhrwerke wurden vor allem bei sehr kleinen Uhrwerken f\u00fcr Damenarmbanduhren eingesetzt, da sie dem Umriss des R\u00e4derwerks folgen und kaum Totr\u00e4ume aufweisen. Das nebenstehende Foto des Kalibers 225RSS zeigt dies sehr deutlich.<\/p>\n<p style=\"padding-left: 30px;\">Die sehr kompakte Bauweise ist bei Reparaturen und beim Service auch eine Herausforderung f\u00fcr jeden Uhrmacher.<\/p>\n<p>\u00a0<\/p>\n<p>\u00a0<\/p>\n<p><b>f) \u00a0 \u00a0gebogene Uhrwerke<\/b><br \/> <b>\u00a0 \u00a0 \u00a0 \u00a0<\/b>(engl. curved)<\/p>\n<table style=\"height: 131px;\" width=\"223\" align=\"right\">\n<tbody>\n<tr>\n<td valign=\"middle\"><a href=\"http:\/\/gruen.watch\/wp-content\/uploads\/2015\/09\/Gruen-Curvex-Precision-Kal.-370.png\"><img class=\"aligncenter size-medium wp-image-6544\" src=\"http:\/\/gruen.watch\/wp-content\/uploads\/2015\/09\/Gruen-Curvex-Precision-Kal.-370-300x300.png\" alt=\"Gruen Curvex Precision, Kal. 370\" width=\"300\" height=\"300\" \/><\/a><\/td>\n<\/tr>\n<tr>\n<td align=\"left\" valign=\"middle\">\u00a0Gruen Curvex Precision, Herrenarmabanduhr, Kaliber 370, ca. 1950, gebogen, Foto: Peter Schill<\/td>\n<\/tr>\n<\/tbody>\n<\/table>\n<p style=\"padding-left: 30px;\">Eine Spezialform der oben genannten Uhrwerke sind die gebogenen Kaliber der Curvex Baureihe. Diese sind rechteckig aber weisen in der dritten Dimension eine Kr\u00fcmmung auf. Dabei ist sowohl das Zifferblatt als auch die R\u00fcckseite des Uhrwerks gebogen.<\/p>\n<p style=\"padding-left: 30px;\">Die gebogenen Curvex-Uhren f\u00fcr Herren sind eine patentierte Spezialentwicklung von Gruen und kamen 1935 mit dem Kaliber 311 erstmalige auf den Markt.1936 folgte das Kaliber 330 und 1940 das Kaliber 440. Die gr\u00f6\u00dfte Kr\u00fcmmung wies aber das zuletzt hergestellte Kaliber 370 von 1948 auf, das bis 19951 gebaut wurde.<\/p>\n<p style=\"padding-left: 30px;\">Auch bei den Damenarmbanduhren gabe es Curvex-Uhren, die aber wie das Kaliber 520 nur leicht gebogen waren.<\/p>\n<p style=\"padding-left: 30px;\">Gruen stellte auch Herren-Armbanduhren her, bei denen nur das Zifferblatt und nicht das ganze Uhrwerk gebogen war. Diese Uhren haben von oben betrachtet die Anmutung einer Curvex, werden aber nicht zu der Curvex-Modellreihe gez\u00e4hlt. Sie f\u00fchren in der Kaliberbezeichnung den Zusatz C f\u00fcr \"curved\" (engl. f\u00fcr gebogen).<\/p>\n<\/div><\/div><\/div><\/div><\/div>","protected":false},"excerpt":{"rendered":"<p>Gruen besa\u00df im Gegensatz zu vielen\u00a0anderen amerikanischen Uhrenfirmen bereits fr\u00fch eine eigene Manufaktur von Uhrwerken und war daher nicht oder nur sehr wenig auf fremde Uhrwerke angewiesen. Selbst die in den Anfangsjahren fremd produzierten Uhrwerke, die zugekauft werden mussten, da die eigene Produktion noch nicht ausreichend war, beruhten meist auf eigenen Konstruktionen oder Modifikationen. Man &hellip; <\/p>\n<p class=\"link-more\"><a href=\"https:\/\/gruen.watch\/?page_id=6178\" class=\"more-link\"><span class=\"screen-reader-text\">\u201eUhrwerke\u201c<\/span> weiterlesen<\/a><\/p>\n","protected":false},"author":1,"featured_media":0,"parent":0,"menu_order":0,"comment_status":"closed","ping_status":"closed","template":"","meta":[],"_links":{"self":[{"href":"https:\/\/gruen.watch\/index.php?rest_route=\/wp\/v2\/pages\/6178"}],"collection":[{"href":"https:\/\/gruen.watch\/index.php?rest_route=\/wp\/v2\/pages"}],"about":[{"href":"https:\/\/gruen.watch\/index.php?rest_route=\/wp\/v2\/types\/page"}],"author":[{"embeddable":true,"href":"https:\/\/gruen.watch\/index.php?rest_route=\/wp\/v2\/users\/1"}],"replies":[{"embeddable":true,"href":"https:\/\/gruen.watch\/index.php?rest_route=%2Fwp%2Fv2%2Fcomments&post=6178"}],"version-history":[{"count":15,"href":"https:\/\/gruen.watch\/index.php?rest_route=\/wp\/v2\/pages\/6178\/revisions"}],"predecessor-version":[{"id":7619,"href":"https:\/\/gruen.watch\/index.php?rest_route=\/wp\/v2\/pages\/6178\/revisions\/7619"}],"wp:attachment":[{"href":"https:\/\/gruen.watch\/index.php?rest_route=%2Fwp%2Fv2%2Fmedia&parent=6178"}],"curies":[{"name":"wp","href":"https:\/\/api.w.org\/{rel}","templated":true}]}}