{"id":8,"date":"2014-10-17T11:08:59","date_gmt":"2014-10-17T09:08:59","guid":{"rendered":"http:\/\/gruen.watch\/?page_id=8"},"modified":"2017-01-30T19:03:45","modified_gmt":"2017-01-30T17:03:45","slug":"home","status":"publish","type":"page","link":"https:\/\/gruen.watch\/","title":{"rendered":"Startseite"},"content":{"rendered":"<div id=\"pl-8\"  class=\"panel-layout\" ><div id=\"pg-8-0\"  class=\"panel-grid panel-no-style\" ><div id=\"pgc-8-0-0\"  class=\"panel-grid-cell\" ><div id=\"panel-8-0-0-0\" class=\"so-panel widget widget_black-studio-tinymce widget_black_studio_tinymce panel-first-child panel-last-child\" data-index=\"0\" ><div class=\"textwidget\"><p>\n\n<link rel='stylesheet' href='http:\/\/gruen.watch\/wp-content\/uploads\/Make-slider-plugin\/5\/style.css' type='text\/css' media='all' \/>\n<div id=\"makeslider-container5\">\r\n<div class=\"ws_images\">\r\n<ul>\r\n<li>\r\n<img src=\"http:\/\/gruen.watch\/wp-content\/uploads\/Make-slider-plugin\/5\/images\/635501615233083244.jpg\"   alt=\"\"          title=\"\"         id=\"mkos5_0\"\/><\/li>\r\n<\/ul>\r\n<\/div>\r\n<div class=\"ws_bullets\"><div>\r\n<a href=\"#\" title=\"\"><img src=\"http:\/\/gruen.watch\/wp-content\/uploads\/Make-slider-plugin\/5\/tooltips\/635501615233083244.jpg\" alt=\"\" \/> 1<\/a><a href=\"#\" title=\"\"><img src=\"http:\/\/gruen.watch\/wp-content\/uploads\/Make-slider-plugin\/5\/tooltips\/635501615560995819.jpg\" alt=\"\" \/> 2<\/a><a href=\"#\" title=\"\"><img src=\"http:\/\/gruen.watch\/wp-content\/uploads\/Make-slider-plugin\/5\/tooltips\/635501616098728764.jpg\" alt=\"\" \/> 3<\/a><a href=\"#\" title=\"\"><img src=\"http:\/\/gruen.watch\/wp-content\/uploads\/Make-slider-plugin\/5\/tooltips\/635501616345989198.jpg\" alt=\"\" \/> 4<\/a><a href=\"#\" title=\"\"><img src=\"http:\/\/gruen.watch\/wp-content\/uploads\/Make-slider-plugin\/5\/tooltips\/635501617131606578.jpg\" alt=\"\" \/> 5<\/a><\/div>\r\n<\/div>\r\n\r\n\r\n<a href=\"#\" class=\"ws_frame\"><\/a>\r\n<div class=\"ws_shadow\"><\/div>\r\n<\/div>\r\n\n\n<script type='text\/javascript' src='http:\/\/gruen.watch\/wp-content\/uploads\/Make-slider-plugin\/5\/script.js'><\/script>\n\n<\/p>\n<p><a href=\"http:\/\/gruen.watch\/?post_type=product\"><img class=\"alignleft wp-image-5895 size-shop_catalog\" src=\"http:\/\/gruen.watch\/wp-content\/uploads\/2014\/10\/Symbol-zur-Fotogalerie-150x150.png\" alt=\"Symbol 'zur Fotogalerie'\" width=\"150\" height=\"150\" \/><\/a>Die Gruen Watch Company war eine f\u00fchrende Uhrenmanufaktur des 20. Jahrhunderts. Bereits fr\u00fch, als andere <a title=\"US-Uhrenmarken\" href=\"http:\/\/gruen.watch\/?page_id=151\">Hersteller<\/a> ihre Uhrwerke noch fremd produzieren lie\u00dfen, baute Gruen zun\u00e4chst in Deutschland, sp\u00e4ter in der Schweiz und den USA eine eigene Uhren-Produktion auf, die nahezu s\u00e4mtliche Schritte der Uhrenherstellung, von der Produktion der Uhrwerke und teilweise auch der Uhrwerksgeh\u00e4use bis hin zur Justierung, dem Zusammenbau und der Vermarktung in eigener Regie betrieb. Somit kann Gruen zu Recht als eine der ersten und f\u00fchrenden Uhrenmanufakturen mit Firmensitz au\u00dferhalb Europas bezeichnet werden.<\/p>\n<p><figure id=\"attachment_1011\" aria-describedby=\"caption-attachment-1011\" style=\"width: 113px\" class=\"wp-caption alignright\"><a href=\"http:\/\/gruen.watch\/wp-content\/uploads\/2014\/12\/2014-06-29-13.28.07.jpg\"><img class=\"wp-image-1011 size-thumbnail\" src=\"http:\/\/gruen.watch\/wp-content\/uploads\/2014\/12\/2014-06-29-13.28.07-113x150.jpg\" alt=\"Gruen Quadron, Kal. 117\" width=\"113\" height=\"150\" \/><\/a><figcaption id=\"caption-attachment-1011\" class=\"wp-caption-text\">Gruen Quadron im Art Deco Stil [a]<\/figcaption><\/figure><\/p>\n<p>Die Fertigung im eigenen Haus erm\u00f6glichte es, richtungsweisende Innovationen wie beispielsweise<\/p>\n<ul>\n<li>1904 besonders flache Uhrwerke der <a title=\"Gruen Veri-Thin\" href=\"http:\/\/gruen.watch\/?product_cat=veri-thin\"><strong>Veri-Thin<\/strong><\/a>-Modelle f\u00fcr Taschen- und sp\u00e4ter Armbanduhren,<\/li>\n<li>1925 die ersten rechteckige <a href=\"http:\/\/gruen.watch\/?page_id=193\">Formuhrwerke <\/a>der\u00a0<a title=\"Gruen Quadron\" href=\"http:\/\/gruen.watch\/?product_cat=quadron\"><strong>Quadron<\/strong><\/a>-Reihe f\u00fcr besonders ganggenauen Armbanduhren, und<\/li>\n<li>1935 gebogene Uhrwerke, die der Kr\u00fcmmung des Handgelenks folgten, f\u00fcr die ber\u00fchmten <a title=\"Gruen Curvex\" href=\"http:\/\/gruen.watch\/?product_cat=curvex\"><strong>Curvex<\/strong><\/a>-Uhren<\/li>\n<\/ul>\n<p>zu konstruieren. Mit diesen Innovationen setzte\u00a0Gruen \u00fcber Jahrzehnte wichtige Impulse in der Branche und wurde daher auch von vielen seiner Mitbewerber kopiert.<\/p>\n<p><figure id=\"attachment_76\" aria-describedby=\"caption-attachment-76\" style=\"width: 184px\" class=\"wp-caption alignleft\"><a href=\"http:\/\/gruen.watch\/wp-content\/uploads\/2014\/10\/1892-Dietrich-Gruen-History-of-the-City-of-Columbus-Capital-of-Ohio-OH-977.13-C72L-volume-2-page-288-opposite-and-816.png\"><img class=\"wp-image-76 \" src=\"http:\/\/gruen.watch\/wp-content\/uploads\/2014\/10\/1892-Dietrich-Gruen-History-of-the-City-of-Columbus-Capital-of-Ohio-OH-977.13-C72L-volume-2-page-288-opposite-and-816-227x300.png\" alt=\"Dietrich Gruen, Quelle: http:\/\/digital-collections.columbuslibrary.org\/cdm\/ref\/collection\/ohio\/id\/21817\" width=\"184\" height=\"243\" \/><\/a><figcaption id=\"caption-attachment-76\" class=\"wp-caption-text\">Dietrich Gruen [b]<\/figcaption><\/figure><\/p>\n<p>Dieser Erfolg wurde m\u00f6glich, da die Firma \u00fcber mehr als ein halbes Jahrhundert von Mitgliedern der <a title=\"Gr\u00fcnderfamilie Gruen\" href=\"http:\/\/gruen.watch\/?page_id=49\">Gr\u00fcnderfamilie Gruen<\/a> gef\u00fchrt wurde, die selber Uhrmacher waren und ihr Handwerk von der Pike auf in Deutschland und der Schweiz gelernt hatten.<\/p>\n<p><figure id=\"attachment_75\" aria-describedby=\"caption-attachment-75\" style=\"width: 300px\" class=\"wp-caption alignright\"><a href=\"http:\/\/gruen.watch\/wp-content\/uploads\/2014\/10\/Firmenzentrale-der-Gruen-Watch-Company-in-Cincinnati-Ohio-1937-.jpg\"><img class=\"wp-image-75 size-medium\" src=\"http:\/\/gruen.watch\/wp-content\/uploads\/2014\/10\/Firmenzentrale-der-Gruen-Watch-Company-in-Cincinnati-Ohio-1937--300x192.jpg\" alt=\"Firmenzentrale der Gruen Watch Company, in Cincinnati\/Ohio, Postkarte von 1937, Quelle: http:\/\/en.wikipedia.org\/wiki\/Gruen_Watch_Co.\" width=\"300\" height=\"192\" \/><\/a><figcaption id=\"caption-attachment-75\" class=\"wp-caption-text\">Firmenzentrale der Gruen Watch Company in Cincinnati\/Ohio [c]<\/figcaption><\/figure><\/p>\n<p>Zu den hochwertigen Produkten kam aber auch eine au\u00dfergew\u00f6hnliche und sehr eigenst\u00e4ndige Vermarktung hinzu. So setzte\u00a0<a title=\"Frederick Gruen\" href=\"http:\/\/gruen.watch\/?page_id=114\">Frederick Gruen<\/a> nach dem Tod seines Vaters im Jahr 1911\u00a0einen ganzheitlichen Marktauftritt um, der die Firma in die Tradition der alten Handwerksgilden\u00a0stellte. \u00a0Von der Beschriftung der Uhrwerke\u00a0(\"Gruen Guild\") \u00fcber die Gestaltung der Werbeanzeigen mit der noch heute existierenden Werbeagentur J. Walter Thompson, bis hin zur Architektur der Firmensitze in Cincinnati\/Ohio und Biel\/Schweiz\u00a0schuf man eine konsistente Markenwelt, die es bis dato noch nicht gegeben hatte.<\/p>\n<p>Obwohl das Unternehmen die Wirren der Wirtschaftskrisen und Weltkriege relativ gut \u00fcberstand, geriet die Gruen Watch Company nach dem R\u00fcckzug der Familie in Schieflage und die eigene Produktion in Cincinnati wurde 1958 aufgel\u00f6st. Der Firmensitz wurde nach New York verlegt und bis weit in die 1970er Jahre wurden noch zum Teil sehr hochwertige mechanische Uhren mit teilweise eigenen und teilweise fremden Schweizer Uhrwerken unter der <a title=\"Warenzeichen Gruen\" href=\"http:\/\/gruen.watch\/?page_id=212\">Marke Gruen<\/a> verkauft.<\/p>\n<p>Uhren der Marke Gruen werden bis heute hergestellt und verkauft, auch wenn die heutigen Quarzuhren japanischer und chinesischer Produktion mit der Ursprungsfirma nur noch den Namen gemein haben.<\/p>\n<p>Die stolze Tradition europ\u00e4isch-amerikanischer Uhrmacherkunst lebt fort in den zahllosen mechanischen Gruen-Uhren, die seit \u00fcber 140 Jahren rund um die Welt zuverl\u00e4ssig ihren Dienst verrichten.<\/p>\n<hr \/>\n<p>\u00a0<\/p>\n<p><span style=\"color: #ff0000;\"><a href=\"http:\/\/gruen.watch\/wp-content\/uploads\/2014\/10\/Under-Construction.jpg\"><img class=\"alignleft wp-image-5898 size-thumbnail\" src=\"http:\/\/gruen.watch\/wp-content\/uploads\/2014\/10\/Under-Construction-130x150.jpg\" alt=\"Under Construction\" width=\"130\" height=\"150\" \/><\/a>Diese Seiten befinden sich noch im Aufbau. Daher fehlen noch wesentliche Informationen, insbesondere zur Geschichte der Firma in den Jahren ab 1900. Diese Informationen werden nach und nach erg\u00e4nzt. Die Quellen zu allen Informationen wurden sorgf\u00e4ltig gesichtet. Dennoch kann es passieren, dass sich Fehler und Ungenauigkeiten eingeschlichen haben oder wichtige Informationen nicht ber\u00fccksichtigt wurden. Der Autor bittet in diesem Fall um eine Benachrichtigung. \u00a0Auch \u00fcber ein sonstiges Feedback, ob Lob oder Tadel, freuen wir uns.<\/span><\/p>\n<p>\u00a0<\/p>\n<hr \/>\n<p>\u00a0<\/p>\n<p><span style=\"font-family: Verdana; sans-serif;font-size: 70%;\">Die im folgenden dargestellten Informationen beruhen zum gro\u00dfen Teil auf bisher unver\u00f6ffentlichten Forschungen zur Familiengeschichte der Gruens von Walter Konrad und seiner Frau Traudl, die wie der Autor dieser Seiten weitl\u00e4ufig mit den Gruens verwandt ist.<br \/> Die Informationen zu der Geschichte in Amerika wurde aus verschiednenen Quellen zusammengetragen. Am ergiebigsten ist aber sicherlich die Ver\u00f6ffentlichung von Paul Schliesser aus den Jahren 1988 bis 2001, dem ich an dieser Stelle ausdr\u00fccklich f\u00fcr seine umfangreichen Studien danken m\u00f6chte. Was die Identifizierung und altersm\u00e4\u00dfige Bestimmung von Gruen-Uhren angeht, wurde gerade in den letzten Jahren von Mike Barnett ernorme Pionierarbeit geleistet.<\/span><\/p>\n<p><span style=\"font-family: Verdana; sans-serif;font-size: 70%;\"> Diese Seiten sollen dazu beitragen, die Erinnerung an einen Pionier der Uhrenindustrie zu bewahren und die Faszination mechanischer Gruen-Uhren, die sich heute bei Sammlern wieder wachsender Beliebtheit erfreuen, weiter zu geben.<\/span><\/p>\n<p><span style=\"font-family: Verdana; sans-serif;font-size: 70%;\"> Bitte beachten Sie, dass diese Homepage ein privates Projekt ist. Bei offensichtlichen inhaltlichen Fehlern, Rechtschreibfehlern, fehlenden Quellenangaben oder sonstigen Fehlern bittet der Autor um einen Hinweis an die im Impressum angegebene E-Mail-Adresse. sollten Sie \u00fcber weitere Informationen, Abbildungen etc. verf\u00fcgen, die thematisch zum Inhalt dieses Internetauftritts passen, freuen wir uns um Hinweise bzw. Zusendung entsprechender Unterlagen.<\/span><\/p>\n<p><span style=\"font-family: Verdana; sans-serif;font-size: 70%;\"> Die Markennamen Gruen, Gruen Curvex, Curvex, Gruen Precision, Gruen Swiss und Embassy sind eingetragene Warenzeichen der M. Z. Berger &amp; Co., Inc.,\u00a0Long Island City NY., die mit diesem Projekt nicht in Verbindung steht.<\/span><\/p>\n<hr \/>\n<p>[a] \u00a0Herrenarmbanduhr Gruen Precison im Art Deco Stil der Quadron-Reihe aus den 1920er Jahren, Foto: Peter Schill<br \/> [b] \u00a0Quelle:\u00a0History of the city of Columbus, Capital of Ohio, OH977.13C72L, volume 2, page 288<br \/> [c] \u00a0\"Time Hill\",\u00a0Postkarte von 1937, Quelle: http:\/\/en.wikipedia.org\/wiki\/Gruen_Watch_Co.<\/p>\n<\/div><\/div><\/div><\/div><\/div>","protected":false},"excerpt":{"rendered":"<p>Die Gruen Watch Company war eine f\u00fchrende Uhrenmanufaktur des 20. Jahrhunderts. Bereits fr\u00fch, als andere Hersteller ihre Uhrwerke noch fremd produzieren lie\u00dfen, baute Gruen zun\u00e4chst in Deutschland, sp\u00e4ter in der Schweiz und den USA eine eigene Uhren-Produktion auf, die nahezu s\u00e4mtliche Schritte der Uhrenherstellung, von der Produktion der Uhrwerke und teilweise auch der Uhrwerksgeh\u00e4use bis &hellip; <\/p>\n<p class=\"link-more\"><a href=\"https:\/\/gruen.watch\/\" class=\"more-link\"><span class=\"screen-reader-text\">\u201eStartseite\u201c<\/span> weiterlesen<\/a><\/p>\n","protected":false},"author":1,"featured_media":0,"parent":0,"menu_order":0,"comment_status":"closed","ping_status":"open","template":"","meta":[],"_links":{"self":[{"href":"https:\/\/gruen.watch\/index.php?rest_route=\/wp\/v2\/pages\/8"}],"collection":[{"href":"https:\/\/gruen.watch\/index.php?rest_route=\/wp\/v2\/pages"}],"about":[{"href":"https:\/\/gruen.watch\/index.php?rest_route=\/wp\/v2\/types\/page"}],"author":[{"embeddable":true,"href":"https:\/\/gruen.watch\/index.php?rest_route=\/wp\/v2\/users\/1"}],"replies":[{"embeddable":true,"href":"https:\/\/gruen.watch\/index.php?rest_route=%2Fwp%2Fv2%2Fcomments&post=8"}],"version-history":[{"count":53,"href":"https:\/\/gruen.watch\/index.php?rest_route=\/wp\/v2\/pages\/8\/revisions"}],"predecessor-version":[{"id":13850,"href":"https:\/\/gruen.watch\/index.php?rest_route=\/wp\/v2\/pages\/8\/revisions\/13850"}],"wp:attachment":[{"href":"https:\/\/gruen.watch\/index.php?rest_route=%2Fwp%2Fv2%2Fmedia&parent=8"}],"curies":[{"name":"wp","href":"https:\/\/api.w.org\/{rel}","templated":true}]}}