{"id":9161,"date":"2016-03-03T13:34:23","date_gmt":"2016-03-03T11:34:23","guid":{"rendered":"http:\/\/gruen.watch\/?page_id=9161"},"modified":"2016-03-03T20:45:31","modified_gmt":"2016-03-03T18:45:31","slug":"1929-alpina-gruen-gilde","status":"publish","type":"page","link":"https:\/\/gruen.watch\/?page_id=9161","title":{"rendered":"1929 &#8211; Alpina-Gruen Gilde"},"content":{"rendered":"<p>Trotz der Fertigung der Uhrwerke in der Schweiz war Gruen bis Ende der 1920er Jahre eine rein amerikanische Marke, die \u00fcberwiegend in den USA und Kanada verkauft wurde. Um aber in Europa Fu\u00df zu fassen, fehlte Gruen das entsprechende Vertriebsnetz. Daher entschloss man sich im Jahr 1929 die Alpina Gruen Gilde SA. zu gr\u00fcnden, in der die europ\u00e4ischen Vertriebsaktivit\u00e4ten der Union Horlog\u00e8re und der Gruen Watch Co. geb\u00fcndelt wurden.<\/p>\n<figure id=\"attachment_9169\" aria-describedby=\"caption-attachment-9169\" style=\"width: 350px\" class=\"wp-caption alignright\"><a href=\"http:\/\/gruen.watch\/wp-content\/uploads\/2016\/03\/Gilde-355-Taschenuhr.png\"><img loading=\"lazy\" class=\"wp-image-9169\" src=\"http:\/\/gruen.watch\/wp-content\/uploads\/2016\/03\/Gilde-355-Taschenuhr-889x1024.png\" alt=\"Gilde 355 Taschenuhr\" width=\"350\" height=\"403\" srcset=\"https:\/\/gruen.watch\/wp-content\/uploads\/2016\/03\/Gilde-355-Taschenuhr.png 889w, https:\/\/gruen.watch\/wp-content\/uploads\/2016\/03\/Gilde-355-Taschenuhr-350x403.png 350w, https:\/\/gruen.watch\/wp-content\/uploads\/2016\/03\/Gilde-355-Taschenuhr-130x150.png 130w, https:\/\/gruen.watch\/wp-content\/uploads\/2016\/03\/Gilde-355-Taschenuhr-260x300.png 260w\" sizes=\"(max-width: 350px) 100vw, 350px\" \/><\/a><figcaption id=\"caption-attachment-9169\" class=\"wp-caption-text\">Gilde 355 Taschenuhr. Foto: (C) Peter Schill<\/figcaption><\/figure>\n<p>Die Union Horlog\u00e8re (&#8222;Schweizerische Uhrmacher-Corporation&#8220;) wurde 1883 als Genossenschaft f\u00fchrender Hersteller von Uhrernkomponenten und Uhrenh\u00e4ndler gegr\u00fcndet, um die Produktion und den Vertrieb eigener kosteng\u00fcnstiger Uhren zu f\u00f6rdern. Bis zu diesem Zeitpunkt waren Herstellung und\u00a0Vertrieb der Uhren meist strikt getrennt. Uhrmacher und Juweliere orderten zumeist die Uhrwerke und die Uhrengeh\u00e4use von verschiedenen Herstellern, setzten sie in ihren Uhrmacherbetrieben zusammen und verkauften sie h\u00e4ufig unter eigenem Namen. Nur die sehr hochwertigen Uhren wurden in eigenen Manufakturen entweder komplett oder aus Einzelkomponenten verschiedener Hersteller gefertigt und als fertige Uhren von Uhrmachern, Juwelieren und H\u00e4ndlern unter dem Namen des Herstellers verkauft. Die gr\u00f6\u00dfte Gewinnspanne versprach dabei die Montage der Uhren, weshalb sowohl die Komponentenhersteller als auch die reinen Vertriebsh\u00e4ndler, die keine eigene Montage hatten, gerne ein St\u00fcck vom Kuchen abbekommen wollten. Dies war die Intention von\u00a0Gottlieb Hauser, der zu diesem Zweck unter dem Dach der\u00a0Union Horlog\u00e8re folgende Mitgliedsfirmen vereinigte:<\/p>\n<ul>\n<li>J. Straub &amp; Co (Uhrwerke, Uhren)<\/li>\n<li>Kurth Freres, Grenchen (sp\u00e4ter Certina) bis ca. 1920,<\/li>\n<li>Duret &amp; Colonnaz, Genf (Rohwerke),<\/li>\n<li>Adolf Haeker (Geh\u00e4use),<\/li>\n<li>Lesquereux &amp; Co, La Chaux-de-Fonds, (Geh\u00e4use und Uhrwerke), Mobile Watch Co..<\/li>\n<li>Louis Bandelier &amp; Cie, Vergolden, Versilbern, und Vernickeln.<\/li>\n<li>Huguenin &#8211; Robert (Geh\u00e4use),<\/li>\n<li>Ali Jeanrenaud, La Chaux-de-Fonds (Pendants, B\u00fcgel und Goldgeh\u00e4use),<\/li>\n<li>Oskar Mistely, La Chaux-de-Fonds (Dekorationen, Guilloches und Gravierungen),<\/li>\n<li>H. Maumary, La Chaux-de-Fonds (Zugfedern),<\/li>\n<li>H. Bopp-Boillot, La Chaux-de-Fonds (Zeiger),<\/li>\n<li>Numa Nicolet &amp; Fils, La Chaux-de-Fonds (Zifferbl\u00e4tter),<\/li>\n<li>Schwob Freres &amp; Co, La Chaux-de-Fonds (Cyma),<\/li>\n<li>Robert Fr\u00e8res, Villeret (Minerva),<\/li>\n<li>L. Rueff &amp; Meyrat, Saint-Imier (Allianz),<\/li>\n<li>Fritz Moeri, Montres Moeris, Saint-Imier.<\/li>\n<li>J. Assmann, Glash\u00fctte bis 1904 f\u00fcr den deutschen Markt.<\/li>\n<li>M\u00e9t\u00e9ore S.A. (seit 1915, Tochtergesellschaft zur Produktion von Radium) [1]<\/li>\n<\/ul>\n<p>In den 1920er Jahren schlossen sich der Genossenschaft weitere Mitglieder an:<\/p>\n<ul>\n<li>Jules Bonnet, Biel,<\/li>\n<li>Fabrique d\u2019Horlogerie Montilier, Constant Dinichert junior, Montilier,<\/li>\n<li>G. Huguenin, Biel (sp\u00e4ter Hamilton),<\/li>\n<li>Aegler, Hermann Aegler S.A, Biel (Rolex),<\/li>\n<li>Fred und Georg Gruen, Cincinnati\/Biel (Gruen Watch),<\/li>\n<li>Albert Weber Uhren-Geh\u00e4use Fabrik, Genf.<\/li>\n<li>Marc Favre &amp; Co. Biel.\u00a0 [1]<\/li>\n<\/ul>\n<figure id=\"attachment_9173\" aria-describedby=\"caption-attachment-9173\" style=\"width: 500px\" class=\"wp-caption alignleft\"><a href=\"http:\/\/gruen.watch\/wp-content\/uploads\/2016\/03\/1933-Alpina-Gruen-Gilde-Werbung.jpg\"><img loading=\"lazy\" class=\"wp-image-9173\" src=\"http:\/\/gruen.watch\/wp-content\/uploads\/2016\/03\/1933-Alpina-Gruen-Gilde-Werbung.jpg\" alt=\"1933, Alpina Gruen Gilde Werbung\" width=\"500\" height=\"337\" srcset=\"https:\/\/gruen.watch\/wp-content\/uploads\/2016\/03\/1933-Alpina-Gruen-Gilde-Werbung.jpg 900w, https:\/\/gruen.watch\/wp-content\/uploads\/2016\/03\/1933-Alpina-Gruen-Gilde-Werbung-350x236.jpg 350w, https:\/\/gruen.watch\/wp-content\/uploads\/2016\/03\/1933-Alpina-Gruen-Gilde-Werbung-150x101.jpg 150w, https:\/\/gruen.watch\/wp-content\/uploads\/2016\/03\/1933-Alpina-Gruen-Gilde-Werbung-300x202.jpg 300w\" sizes=\"(max-width: 500px) 100vw, 500px\" \/><\/a><figcaption id=\"caption-attachment-9173\" class=\"wp-caption-text\">Anzeige f\u00fcr Alpina Gruen Tecno von 1933<\/figcaption><\/figure>\n<p>Die Marke Alpina, wurde zun\u00e4chst von\u00a0J. Straub &amp; Co f\u00fcr zwei eigene Uhrwerke verwendet und gesch\u00fctzt. Da Straub\u00a0eine der Hauptlieferanten der\u00a0Union Horlog\u00e8re war, trugen fast alle Uhren diesen Markennamen. Sp\u00e4ter wurde der Name Alpina f\u00fcr alle hochwertigen Uhren der\u00a0Union Horlog\u00e8re verwendet, wohingegen die Uhren von einfacher und mittlerer Qualit\u00e4t die Namen\u00a0A (1926), Festa (1928) und Novice trugen. [1]<\/p>\n<p>Der Sitz der Genossenschaft war seit 1890 im Schweizerischen Biel\/Bienne, aber erst im Jahr 1919 wurde der Kauf eines eigenen Areals in der\u00a0Unionsgasse 13 &#8211; Eisengasse 5 in Biel beschlossen.<\/p>\n<p>1927 offerierten die Gebr\u00fcder Gruen der Union Horlog\u00e8re eine Zusammenarbeit, die eine gemeinsame Uhrenproduktion vorsah und dem jeweiligen Partner das Vetriebsnetz des anderen \u00f6ffnen sollte. Die Vertriebsgebiete der beiden Firmen waren bis dahin komplement\u00e4r, da Gruen fast ausschlie\u00dflich den nordamerikanischen Markt belieferte und die Union Horlog\u00e8re den europ\u00e4ischen Markt. \u00a0[2]<\/p>\n<p>Am 8. Oktober 1928 berief die Union Horlog\u00e8re\u00a0eine au\u00dferordentliche Generalversammlung ein, die die n\u00f6tigen Umstrukturierungen beschloss. Gottlieb Hauser und Jakob Straub traten\u00a0als Verwaltungsr\u00e4te zur\u00fcck\u00a0und machten dem Bieler Bankdirektor Gottfried Peter und dem Bieler Uhrenfabrikanten Louis Straub Platz. Der Artikel 2 der Genossenschaftsstatutuen wurde mit folgendem Wortlaut ge\u00e4ndert: &#8222;Die Gesellschaft bezweckt die Fabrikation von Uhren und verwandten Artikeln, sowie den Handel mit solchen und den Zusammenschluss t\u00fcchtiger Uhrenfachleute und Detaillisten, um ihnen ideelle und materielle Vorteile zu bieten.&#8220;\u00a0[2]<\/p>\n<p>Am 13. Mai 1929 wurde die Kooperation zwischen Gruen und der Union Horlog\u00e8re offiziell unter dem recht langen und komplizierten Namen &#8222;Alpina-Gruen Gilde Uhrenaktiengesellschaft (Union Horlog\u00e8re) (Montres Alpina-Gruen Guilde Soci\u00e9t\u00e9 Anonyme) (Union Horlog\u00e8re) Alpina-Gruen Guild Watch Co. Limited (Union Horlog\u00e8re)&#8220;\u00a0begr\u00fcndet. In den Verwaltungsrat wurde neben den Chefs der Union Horlog\u00e8re auch die beiden Br\u00fcder Frederick und George Gruen, sowie deren Hauptlieferanten Hermann Aegler (Uhrwerksproduzent Biel) und Albert Weber (Geh\u00e4useproduzent Genf) gew\u00e4hlt.\u00a0[2]<\/p>\n<p><a href=\"http:\/\/gruen.watch\/wp-content\/uploads\/2016\/03\/Alpina-Gruen-Uhrenfabriken.png\"><img loading=\"lazy\" class=\"alignright wp-image-9167\" src=\"http:\/\/gruen.watch\/wp-content\/uploads\/2016\/03\/Alpina-Gruen-Uhrenfabriken.png\" alt=\"Alpina-Gruen Uhrenfabriken\" width=\"500\" height=\"734\" srcset=\"https:\/\/gruen.watch\/wp-content\/uploads\/2016\/03\/Alpina-Gruen-Uhrenfabriken.png 591w, https:\/\/gruen.watch\/wp-content\/uploads\/2016\/03\/Alpina-Gruen-Uhrenfabriken-350x514.png 350w, https:\/\/gruen.watch\/wp-content\/uploads\/2016\/03\/Alpina-Gruen-Uhrenfabriken-102x150.png 102w, https:\/\/gruen.watch\/wp-content\/uploads\/2016\/03\/Alpina-Gruen-Uhrenfabriken-204x300.png 204w\" sizes=\"(max-width: 500px) 100vw, 500px\" \/><\/a><\/p>\n<p>Im Jahrbuch von 1930 vermerkt\u00a0die Alpina Gruen Gilde SA ein Vertriebsnetz von 1575 Einzelh\u00e4ndlern und sechs L\u00e4ndervertretungen in Europa. Diese waren<\/p>\n<ul>\n<li>Alpina Schweiz (102 Einzelh\u00e4ndler)<\/li>\n<li>Alpina Deutschland (928 Einzelh\u00e4ndler)<\/li>\n<li>Alpina \u00d6sterreich (77 Einzelh\u00e4ndler)<\/li>\n<li>Alpina Niederlande (50 Einzelh\u00e4ndler)<\/li>\n<li>Alpina Ungarn (34 Einzelh\u00e4ndler)<\/li>\n<li>Alpina D\u00e4nemark (28 Einzelh\u00e4ndler)<\/li>\n<li>weiterhin<\/li>\n<li>134 Alpina-H\u00e4ndler in Tschechien und der Slowakei<\/li>\n<li>64 Alpina-H\u00e4ndler in\u00a0Italien<\/li>\n<li>32 Alpina-H\u00e4ndler in Polen<\/li>\n<li>27 Alpina-H\u00e4ndler in Spanien<\/li>\n<li>24 Alpina-H\u00e4ndler in Belgien<\/li>\n<li>24 Alpina-H\u00e4ndler in den Balkanstaaten<\/li>\n<li>21 Alpina-H\u00e4ndler in\u00a0Schweden<\/li>\n<li>10 Alpina-H\u00e4ndler in Luxemburg<\/li>\n<li>7 Alpina-H\u00e4ndler in Norwegen ,<\/li>\n<li>4 Alpina-H\u00e4ndler in Letland<\/li>\n<li>9\u00a0Alpina-H\u00e4ndler in weiteren L\u00e4ndern<\/li>\n<\/ul>\n<p>Die neue Gesellschaft war aber bereits von Anfang an mit wenig Erfolg gesegnet, da beide Partner nach wie vor auf ihre Eigenst\u00e4ndigkeit und eigene Vorteile bedacht waren. Au\u00dferdem war der Zeitpunkt der Kooperation sehr ung\u00fcnstig gew\u00e4hlt, da im Oktober 1929 die New Yorker B\u00f6rse kollabierte und den Beginn einer der schwersten Weltwirtschaftskrisen der Geschichte signalisierte. Wahrscheinlich auch aus eigenen wirtschaftlichen Schwierigkeiten heraus verweigerte Gruen den von Alpina geforderten finanziellen Beitrag zum Jahreskatalog und behinderte Alpina an der Expansion auf den amerikanischen Markt, um wahrscheinlich den eigenen stark eingebrochenen Uhrenverkauf nicht noch zus\u00e4tzlich zu belasten. Zus\u00e4tzlich gab es Probleme mit dem Gesellschafter und Verwaltungsrat Hermann Aegler, der immer st\u00e4rker in die Abh\u00e4ngigkeit von Rolex geriet und diese Marke im Vertrieb favorisierte.\u00a0[2]<\/p>\n<p>Durch die fortw\u00e4hrenden Reibereien und die allgemein schwierige Weltwitschaftslage machte die Alpina-Gruen Gilde Verluste im operativen Gesch\u00e4ft. Alles in allem f\u00fchrte dies bereits 6 Jahre nach der Gr\u00fcndung im Jahr 1935 zu einer Aufl\u00f6sung der Kooperation. Die Gesellschaft nannte sich in der Folge nur noch Alpina Union Horlog\u00e8re mit Sitz in Biel. [2]<\/p>\n<p>W\u00e4hrend Gruen\u00a0seine europ\u00e4ischen Ambitionen beerdigte versuchte Alpina speziell in Deutschland weiter Fu\u00df zu fassen, was durch die Machtergreifung der Nationalsozialisten in Deutschland und die Kriegsvorbereitungen immer schwerer wurde. Nach dem Krieg wurde die deutsche Niederlassung von Alpina reorganisiert und als &#8222;DUGENA, Deutsche Uhrmacher-Genossenschaft Alpina&#8220; in Darmstadt neu gegr\u00fcndet.<\/p>\n<p>Im Zuge der Quarzkrise wurde im Jahr 1972 die\u00a0Alpina Union Horlog\u00e8re mit finanzieller Unterst\u00fctzung von deutschen Investoren in die Alpina Watch International \u00a0umgewandelt und mit\u00a0der Schlie\u00dfung\u00a0der Uhrenfabrik von Straub &amp; Co.\u00a0die eigene Herstellung von Uhren aufgegeben. Einige Jahre sp\u00e4ter wanderte das Alpina-Vertriebsb\u00fcro\u00a0nach K\u00f6ln\/Deutschland, wo man das Revival der mechanichen Uhren in den 1980er und 1990er Jahren verschlief. Im Jahr 2000 wurde die Marke Alpina dann ganz vom Markt genommen, um nur 2 Jahre sp\u00e4ter von\u00a0\u00a0der Uhrenfirma Frederique Constant aus Genf gekauft und zu neuem Leben erweckt zu werden. Im Jahr\u00a02003 folgte die erste Kollektion der neuen\u00a0Alpina Watches International SA, die seither aus\u00a0Plan-les-Ouates, einem Vorort von Genf agiert. Seit 2008 setzt Alpina wieder eigene Uhrenkaliber ein, die die bis dato benutzten ETA-Kaliber ersetzten.[3]<\/p>\n<p>____________________________<\/p>\n<p>[1] N.N.: Watch-Wiki,\u00a0Alpina\/de,\u00a0http:\/\/watch-wiki.org, 3.3.2016<br \/>\n[2] N.N.: Alpina, von einer Einkaufsgemeinschaft zur innovativen Uhrenmanufaktur, www.alpina-watches.com, 3.3.2016<br \/>\n[3] N.N.: Alpina, http:\/\/www.uhren-wiki.net, 3.3.2016<\/p>\n","protected":false},"excerpt":{"rendered":"<p>Trotz der Fertigung der Uhrwerke in der Schweiz war Gruen bis Ende der 1920er Jahre eine rein amerikanische Marke, die \u00fcberwiegend in den USA und Kanada verkauft wurde. Um aber in Europa Fu\u00df zu fassen, fehlte Gruen das entsprechende Vertriebsnetz. Daher entschloss man sich im Jahr 1929 die Alpina Gruen Gilde SA. zu gr\u00fcnden, in &hellip; <\/p>\n<p class=\"link-more\"><a href=\"https:\/\/gruen.watch\/?page_id=9161\" class=\"more-link\"><span class=\"screen-reader-text\">\u201e1929 &#8211; Alpina-Gruen Gilde\u201c<\/span> weiterlesen<\/a><\/p>\n","protected":false},"author":1,"featured_media":0,"parent":135,"menu_order":0,"comment_status":"closed","ping_status":"closed","template":"","meta":[],"_links":{"self":[{"href":"https:\/\/gruen.watch\/index.php?rest_route=\/wp\/v2\/pages\/9161"}],"collection":[{"href":"https:\/\/gruen.watch\/index.php?rest_route=\/wp\/v2\/pages"}],"about":[{"href":"https:\/\/gruen.watch\/index.php?rest_route=\/wp\/v2\/types\/page"}],"author":[{"embeddable":true,"href":"https:\/\/gruen.watch\/index.php?rest_route=\/wp\/v2\/users\/1"}],"replies":[{"embeddable":true,"href":"https:\/\/gruen.watch\/index.php?rest_route=%2Fwp%2Fv2%2Fcomments&post=9161"}],"version-history":[{"count":12,"href":"https:\/\/gruen.watch\/index.php?rest_route=\/wp\/v2\/pages\/9161\/revisions"}],"predecessor-version":[{"id":9177,"href":"https:\/\/gruen.watch\/index.php?rest_route=\/wp\/v2\/pages\/9161\/revisions\/9177"}],"up":[{"embeddable":true,"href":"https:\/\/gruen.watch\/index.php?rest_route=\/wp\/v2\/pages\/135"}],"wp:attachment":[{"href":"https:\/\/gruen.watch\/index.php?rest_route=%2Fwp%2Fv2%2Fmedia&parent=9161"}],"curies":[{"name":"wp","href":"https:\/\/api.w.org\/{rel}","templated":true}]}}